{"id":8447,"date":"2024-02-03T23:59:49","date_gmt":"2024-02-04T02:59:49","guid":{"rendered":"https:\/\/cortinados.com.ar\/?post_type=product&#038;p=8447"},"modified":"2026-03-02T14:09:02","modified_gmt":"2026-03-02T17:09:02","slug":"cuerina-talampaya","status":"publish","type":"product","link":"https:\/\/cortinados.com.ar\/index.php\/product\/cuerina-talampaya\/","title":{"rendered":"CUERINA TALAMPAYA"},"content":{"rendered":"<p>La cuerina talampaya, tambi\u00e9n llamada cuero ecol\u00f3gico, o ecocuer es una tela pl\u00e1stica compuesta por un\u00a0tejido jersey de algod\u00f3n cubierto por una l\u00e1mina de PVC\u00a0en una de sus caras. Es utilizada para\u00a0todo tipo de tapizados, como as\u00ed tambi\u00e9n para marroquiner\u00eda y otros usos.<\/p>\n","protected":false},"excerpt":{"rendered":"<p>Piezas de: 35 mts.<br \/>\nAncho: 1,40 mts.<br \/>\nPeso: 500 \u00b1 50 g\/m\u00b2<br \/>\nEspesor: 0,90 \u00b1 0,15 mm.<br \/>\nComposici\u00f3n: PVC.<br \/>\nReverso: Jersey.<br \/>\nPor menor desde 1 metro:<\/p>\n","protected":false},"featured_media":8462,"template":"","meta":[],"product_brand":[],"product_cat":[459,457,454,138,145,265],"product_tag":[382,383],"class_list":{"0":"post-8447","1":"product","2":"type-product","3":"status-publish","4":"has-post-thumbnail","6":"product_cat-manteleria","7":"product_cat-tapiceria","8":"product_cat-telas-por-uso","9":"product_cat-telas","10":"product_cat-cuerinas","11":"product_cat-cuerina-talampaya","12":"product_tag-cuerina-talampaya","13":"product_tag-talampaya","14":"pa_color-arena-5738","15":"pa_color-arena-amarillento","16":"pa_color-azul-francia","17":"pa_color-azul-marino","18":"pa_color-azul-petroleo-6168","19":"pa_color-blanco-a067","20":"pa_color-bordo-claro-6166","21":"pa_color-bordo-oscuro","22":"pa_color-camel-6531","23":"pa_color-castor-6537","24":"pa_color-chocolate","25":"pa_color-crudo","26":"pa_color-fucsia-b548","27":"pa_color-gris-a916","28":"pa_color-gris-oscuro","29":"pa_color-ladrillo-6172","30":"pa_color-madera","31":"pa_color-manteca-a454","32":"pa_color-marron","33":"pa_color-naranja-6538","34":"pa_color-negro","35":"pa_color-rojo-0555","36":"pa_color-rojo-claro","37":"pa_color-rosa-viejo","38":"pa_color-salmon","39":"pa_color-suela-6534","40":"pa_color-terracota","41":"pa_color-tiza-a379","42":"pa_color-tostado-5731","43":"pa_color-verde-6532","44":"pa_color-verde-benetton","45":"pa_color-verde-oscuro-6173","46":"pa_color-verde-seco","48":"first","49":"instock","50":"featured","51":"shipping-taxable","52":"purchasable","53":"product-type-variable","54":"has-default-attributes"},"yoast_head":"<!-- This site is optimized with the Yoast SEO plugin v27.4 - https:\/\/yoast.com\/product\/yoast-seo-wordpress\/ -->\n<title>CUERINA TALAMPAYA - Cortinados.Com<\/title>\n<meta name=\"description\" content=\"Es utilizada para\u00a0todo tipo de tapizados, tambi\u00e9n para marroquiner\u00eda y otros usos. Estamos en Azcu\u00e9naga 453 Bs.As, Arg. +5411 4953-1463 \/ +5411 5248-0630\" \/>\n<meta name=\"robots\" content=\"index, follow, max-snippet:-1, max-image-preview:large, max-video-preview:-1\" \/>\n<link rel=\"canonical\" href=\"https:\/\/cortinados.com.ar\/index.php\/product\/cuerina-talampaya\/\" \/>\n<meta property=\"og:locale\" content=\"es_ES\" \/>\n<meta property=\"og:type\" content=\"article\" \/>\n<meta property=\"og:title\" content=\"CUERINA TALAMPAYA - Cortinados.Com\" \/>\n<meta property=\"og:description\" content=\"Es utilizada para\u00a0todo tipo de tapizados, tambi\u00e9n para marroquiner\u00eda y otros usos. Estamos en Azcu\u00e9naga 453 Bs.As, Arg. +5411 4953-1463 \/ +5411 5248-0630\" \/>\n<meta property=\"og:url\" content=\"https:\/\/cortinados.com.ar\/index.php\/product\/cuerina-talampaya\/\" \/>\n<meta property=\"og:site_name\" content=\"Cortinados.Com\" \/>\n<meta property=\"article:publisher\" content=\"https:\/\/www.facebook.com\/cortinadoscomonce\" \/>\n<meta property=\"article:modified_time\" content=\"2026-03-02T17:09:02+00:00\" \/>\n<meta property=\"og:image\" content=\"https:\/\/cortinados.com.ar\/wp-content\/uploads\/2024\/02\/cuerina-talampaya-arena.jpg\" \/>\n\t<meta property=\"og:image:width\" content=\"600\" \/>\n\t<meta property=\"og:image:height\" content=\"600\" \/>\n\t<meta property=\"og:image:type\" content=\"image\/jpeg\" \/>\n<meta name=\"twitter:card\" content=\"summary_large_image\" \/>\n<meta name=\"twitter:label1\" content=\"Tiempo de lectura\" \/>\n\t<meta name=\"twitter:data1\" content=\"1 minuto\" \/>\n<script type=\"application\/ld+json\" class=\"yoast-schema-graph\">{\"@context\":\"https:\\\/\\\/schema.org\",\"@graph\":[{\"@type\":\"WebPage\",\"@id\":\"https:\\\/\\\/cortinados.com.ar\\\/index.php\\\/product\\\/cuerina-talampaya\\\/\",\"url\":\"https:\\\/\\\/cortinados.com.ar\\\/index.php\\\/product\\\/cuerina-talampaya\\\/\",\"name\":\"CUERINA TALAMPAYA - Cortinados.Com\",\"isPartOf\":{\"@id\":\"https:\\\/\\\/cortinados.com.ar\\\/#website\"},\"primaryImageOfPage\":{\"@id\":\"https:\\\/\\\/cortinados.com.ar\\\/index.php\\\/product\\\/cuerina-talampaya\\\/#primaryimage\"},\"image\":{\"@id\":\"https:\\\/\\\/cortinados.com.ar\\\/index.php\\\/product\\\/cuerina-talampaya\\\/#primaryimage\"},\"thumbnailUrl\":\"https:\\\/\\\/cortinados.com.ar\\\/wp-content\\\/uploads\\\/2024\\\/02\\\/cuerina-talampaya-arena.jpg\",\"datePublished\":\"2024-02-04T02:59:49+00:00\",\"dateModified\":\"2026-03-02T17:09:02+00:00\",\"description\":\"Es utilizada para\u00a0todo tipo de tapizados, tambi\u00e9n para marroquiner\u00eda y otros usos. Estamos en Azcu\u00e9naga 453 Bs.As, Arg. +5411 4953-1463 \\\/ +5411 5248-0630\",\"breadcrumb\":{\"@id\":\"https:\\\/\\\/cortinados.com.ar\\\/index.php\\\/product\\\/cuerina-talampaya\\\/#breadcrumb\"},\"inLanguage\":\"es\",\"potentialAction\":[{\"@type\":\"ReadAction\",\"target\":[\"https:\\\/\\\/cortinados.com.ar\\\/index.php\\\/product\\\/cuerina-talampaya\\\/\"]}]},{\"@type\":\"ImageObject\",\"inLanguage\":\"es\",\"@id\":\"https:\\\/\\\/cortinados.com.ar\\\/index.php\\\/product\\\/cuerina-talampaya\\\/#primaryimage\",\"url\":\"https:\\\/\\\/cortinados.com.ar\\\/wp-content\\\/uploads\\\/2024\\\/02\\\/cuerina-talampaya-arena.jpg\",\"contentUrl\":\"https:\\\/\\\/cortinados.com.ar\\\/wp-content\\\/uploads\\\/2024\\\/02\\\/cuerina-talampaya-arena.jpg\",\"width\":600,\"height\":600},{\"@type\":\"BreadcrumbList\",\"@id\":\"https:\\\/\\\/cortinados.com.ar\\\/index.php\\\/product\\\/cuerina-talampaya\\\/#breadcrumb\",\"itemListElement\":[{\"@type\":\"ListItem\",\"position\":1,\"name\":\"Portada\",\"item\":\"https:\\\/\\\/cortinados.com.ar\\\/\"},{\"@type\":\"ListItem\",\"position\":2,\"name\":\"Tienda\",\"item\":\"https:\\\/\\\/cortinados.com.ar\\\/index.php\\\/shop-2\\\/\"},{\"@type\":\"ListItem\",\"position\":3,\"name\":\"CUERINA TALAMPAYA\"}]},{\"@type\":\"WebSite\",\"@id\":\"https:\\\/\\\/cortinados.com.ar\\\/#website\",\"url\":\"https:\\\/\\\/cortinados.com.ar\\\/\",\"name\":\"Cortinados.Com\",\"description\":\"+30 a\u00f1os de experiencia\",\"publisher\":{\"@id\":\"https:\\\/\\\/cortinados.com.ar\\\/#organization\"},\"potentialAction\":[{\"@type\":\"SearchAction\",\"target\":{\"@type\":\"EntryPoint\",\"urlTemplate\":\"https:\\\/\\\/cortinados.com.ar\\\/?s={search_term_string}\"},\"query-input\":{\"@type\":\"PropertyValueSpecification\",\"valueRequired\":true,\"valueName\":\"search_term_string\"}}],\"inLanguage\":\"es\"},{\"@type\":\"Organization\",\"@id\":\"https:\\\/\\\/cortinados.com.ar\\\/#organization\",\"name\":\"Cortinados.Com\",\"url\":\"https:\\\/\\\/cortinados.com.ar\\\/\",\"logo\":{\"@type\":\"ImageObject\",\"inLanguage\":\"es\",\"@id\":\"https:\\\/\\\/cortinados.com.ar\\\/#\\\/schema\\\/logo\\\/image\\\/\",\"url\":\"https:\\\/\\\/cortinados.com.ar\\\/wp-content\\\/uploads\\\/2024\\\/01\\\/cropped-faviconredondo.png\",\"contentUrl\":\"https:\\\/\\\/cortinados.com.ar\\\/wp-content\\\/uploads\\\/2024\\\/01\\\/cropped-faviconredondo.png\",\"width\":512,\"height\":512,\"caption\":\"Cortinados.Com\"},\"image\":{\"@id\":\"https:\\\/\\\/cortinados.com.ar\\\/#\\\/schema\\\/logo\\\/image\\\/\"},\"sameAs\":[\"https:\\\/\\\/www.facebook.com\\\/cortinadoscomonce\",\"https:\\\/\\\/www.instagram.com\\\/cortinados.comonce\"]}]}<\/script>\n<!-- \/ Yoast SEO plugin. -->","yoast_head_json":{"title":"CUERINA TALAMPAYA - Cortinados.Com","description":"Es utilizada para\u00a0todo tipo de tapizados, tambi\u00e9n para marroquiner\u00eda y otros usos. Estamos en Azcu\u00e9naga 453 Bs.As, Arg. +5411 4953-1463 \/ +5411 5248-0630","robots":{"index":"index","follow":"follow","max-snippet":"max-snippet:-1","max-image-preview":"max-image-preview:large","max-video-preview":"max-video-preview:-1"},"canonical":"https:\/\/cortinados.com.ar\/index.php\/product\/cuerina-talampaya\/","og_locale":"es_ES","og_type":"article","og_title":"CUERINA TALAMPAYA - Cortinados.Com","og_description":"Es utilizada para\u00a0todo tipo de tapizados, tambi\u00e9n para marroquiner\u00eda y otros usos. Estamos en Azcu\u00e9naga 453 Bs.As, Arg. +5411 4953-1463 \/ +5411 5248-0630","og_url":"https:\/\/cortinados.com.ar\/index.php\/product\/cuerina-talampaya\/","og_site_name":"Cortinados.Com","article_publisher":"https:\/\/www.facebook.com\/cortinadoscomonce","article_modified_time":"2026-03-02T17:09:02+00:00","og_image":[{"width":600,"height":600,"url":"https:\/\/cortinados.com.ar\/wp-content\/uploads\/2024\/02\/cuerina-talampaya-arena.jpg","type":"image\/jpeg"}],"twitter_card":"summary_large_image","twitter_misc":{"Tiempo de lectura":"1 minuto"},"schema":{"@context":"https:\/\/schema.org","@graph":[{"@type":"WebPage","@id":"https:\/\/cortinados.com.ar\/index.php\/product\/cuerina-talampaya\/","url":"https:\/\/cortinados.com.ar\/index.php\/product\/cuerina-talampaya\/","name":"CUERINA TALAMPAYA - Cortinados.Com","isPartOf":{"@id":"https:\/\/cortinados.com.ar\/#website"},"primaryImageOfPage":{"@id":"https:\/\/cortinados.com.ar\/index.php\/product\/cuerina-talampaya\/#primaryimage"},"image":{"@id":"https:\/\/cortinados.com.ar\/index.php\/product\/cuerina-talampaya\/#primaryimage"},"thumbnailUrl":"https:\/\/cortinados.com.ar\/wp-content\/uploads\/2024\/02\/cuerina-talampaya-arena.jpg","datePublished":"2024-02-04T02:59:49+00:00","dateModified":"2026-03-02T17:09:02+00:00","description":"Es utilizada para\u00a0todo tipo de tapizados, tambi\u00e9n para marroquiner\u00eda y otros usos. Estamos en Azcu\u00e9naga 453 Bs.As, Arg. +5411 4953-1463 \/ +5411 5248-0630","breadcrumb":{"@id":"https:\/\/cortinados.com.ar\/index.php\/product\/cuerina-talampaya\/#breadcrumb"},"inLanguage":"es","potentialAction":[{"@type":"ReadAction","target":["https:\/\/cortinados.com.ar\/index.php\/product\/cuerina-talampaya\/"]}]},{"@type":"ImageObject","inLanguage":"es","@id":"https:\/\/cortinados.com.ar\/index.php\/product\/cuerina-talampaya\/#primaryimage","url":"https:\/\/cortinados.com.ar\/wp-content\/uploads\/2024\/02\/cuerina-talampaya-arena.jpg","contentUrl":"https:\/\/cortinados.com.ar\/wp-content\/uploads\/2024\/02\/cuerina-talampaya-arena.jpg","width":600,"height":600},{"@type":"BreadcrumbList","@id":"https:\/\/cortinados.com.ar\/index.php\/product\/cuerina-talampaya\/#breadcrumb","itemListElement":[{"@type":"ListItem","position":1,"name":"Portada","item":"https:\/\/cortinados.com.ar\/"},{"@type":"ListItem","position":2,"name":"Tienda","item":"https:\/\/cortinados.com.ar\/index.php\/shop-2\/"},{"@type":"ListItem","position":3,"name":"CUERINA TALAMPAYA"}]},{"@type":"WebSite","@id":"https:\/\/cortinados.com.ar\/#website","url":"https:\/\/cortinados.com.ar\/","name":"Cortinados.Com","description":"+30 a\u00f1os de experiencia","publisher":{"@id":"https:\/\/cortinados.com.ar\/#organization"},"potentialAction":[{"@type":"SearchAction","target":{"@type":"EntryPoint","urlTemplate":"https:\/\/cortinados.com.ar\/?s={search_term_string}"},"query-input":{"@type":"PropertyValueSpecification","valueRequired":true,"valueName":"search_term_string"}}],"inLanguage":"es"},{"@type":"Organization","@id":"https:\/\/cortinados.com.ar\/#organization","name":"Cortinados.Com","url":"https:\/\/cortinados.com.ar\/","logo":{"@type":"ImageObject","inLanguage":"es","@id":"https:\/\/cortinados.com.ar\/#\/schema\/logo\/image\/","url":"https:\/\/cortinados.com.ar\/wp-content\/uploads\/2024\/01\/cropped-faviconredondo.png","contentUrl":"https:\/\/cortinados.com.ar\/wp-content\/uploads\/2024\/01\/cropped-faviconredondo.png","width":512,"height":512,"caption":"Cortinados.Com"},"image":{"@id":"https:\/\/cortinados.com.ar\/#\/schema\/logo\/image\/"},"sameAs":["https:\/\/www.facebook.com\/cortinadoscomonce","https:\/\/www.instagram.com\/cortinados.comonce"]}]}},"_links":{"self":[{"href":"https:\/\/cortinados.com.ar\/index.php\/wp-json\/wp\/v2\/product\/8447","targetHints":{"allow":["GET"]}}],"collection":[{"href":"https:\/\/cortinados.com.ar\/index.php\/wp-json\/wp\/v2\/product"}],"about":[{"href":"https:\/\/cortinados.com.ar\/index.php\/wp-json\/wp\/v2\/types\/product"}],"version-history":[{"count":1,"href":"https:\/\/cortinados.com.ar\/index.php\/wp-json\/wp\/v2\/product\/8447\/revisions"}],"predecessor-version":[{"id":10583,"href":"https:\/\/cortinados.com.ar\/index.php\/wp-json\/wp\/v2\/product\/8447\/revisions\/10583"}],"wp:featuredmedia":[{"embeddable":true,"href":"https:\/\/cortinados.com.ar\/index.php\/wp-json\/wp\/v2\/media\/8462"}],"wp:attachment":[{"href":"https:\/\/cortinados.com.ar\/index.php\/wp-json\/wp\/v2\/media?parent=8447"}],"wp:term":[{"taxonomy":"product_brand","embeddable":true,"href":"https:\/\/cortinados.com.ar\/index.php\/wp-json\/wp\/v2\/product_brand?post=8447"},{"taxonomy":"product_cat","embeddable":true,"href":"https:\/\/cortinados.com.ar\/index.php\/wp-json\/wp\/v2\/product_cat?post=8447"},{"taxonomy":"product_tag","embeddable":true,"href":"https:\/\/cortinados.com.ar\/index.php\/wp-json\/wp\/v2\/product_tag?post=8447"}],"curies":[{"name":"wp","href":"https:\/\/api.w.org\/{rel}","templated":true}]}}