{"id":10784,"date":"2025-06-10T15:07:45","date_gmt":"2025-06-10T18:07:45","guid":{"rendered":"https:\/\/cortinados.com.ar\/?post_type=product&#038;p=10784"},"modified":"2025-10-16T15:26:50","modified_gmt":"2025-10-16T18:26:50","slug":"tela-manta-190-de-ancho","status":"publish","type":"product","link":"https:\/\/cortinados.com.ar\/index.php\/product\/tela-manta-190-de-ancho\/","title":{"rendered":"TELA MANTA 1,90 DE ANCHO"},"content":{"rendered":"<p>Tela manta 1,90 de ancho.<\/p>\n","protected":false},"excerpt":{"rendered":"<p>Tela manta r\u00fastica ancho 1,90 para diversos usos. Manta de sill\u00f3n, pie de cama, alfombra.<\/p>\n","protected":false},"featured_media":10795,"template":"","meta":[],"product_brand":[],"product_cat":[485,486,454,140,160,159,138],"product_tag":[476,478,479,480,474,475,477],"class_list":{"0":"post-10784","1":"product","2":"type-product","3":"status-publish","4":"has-post-thumbnail","6":"product_cat-manta-de-sillon","7":"product_cat-pie-de-cama","8":"product_cat-telas-por-uso","9":"product_cat-hogar","10":"product_cat-alfombras-y-felpudos","11":"product_cat-mantas","12":"product_cat-telas","13":"product_tag-manta","14":"product_tag-manta-para-sillon","15":"product_tag-manta-pesada","16":"product_tag-pie-de-cama","17":"product_tag-tela","18":"product_tag-tela-manta","19":"product_tag-telas-decorativas","21":"first","22":"instock","23":"featured","24":"shipping-taxable","25":"purchasable","26":"product-type-variable"},"yoast_head":"<!-- This site is optimized with the Yoast SEO plugin v27.4 - https:\/\/yoast.com\/product\/yoast-seo-wordpress\/ -->\n<title>TELA MANTA 1,90 DE ANCHO - Cortinados.Com<\/title>\n<meta name=\"description\" content=\"Tela manta r\u00fastica ancho 1,90 para diversos usos. Manta de sill\u00f3n, pie de cama, alfombra. Estamos en Azcu\u00e9naga 453 Bs.As, Arg. 5411 4953-1463\/5411 5248-0630\" \/>\n<meta name=\"robots\" content=\"index, follow, max-snippet:-1, max-image-preview:large, max-video-preview:-1\" \/>\n<link rel=\"canonical\" href=\"https:\/\/cortinados.com.ar\/index.php\/product\/tela-manta-190-de-ancho\/\" \/>\n<meta property=\"og:locale\" content=\"es_ES\" \/>\n<meta property=\"og:type\" content=\"article\" \/>\n<meta property=\"og:title\" content=\"TELA MANTA 1,90 DE ANCHO - Cortinados.Com\" \/>\n<meta property=\"og:description\" content=\"Tela manta r\u00fastica ancho 1,90 para diversos usos. Manta de sill\u00f3n, pie de cama, alfombra. Estamos en Azcu\u00e9naga 453 Bs.As, Arg. 5411 4953-1463\/5411 5248-0630\" \/>\n<meta property=\"og:url\" content=\"https:\/\/cortinados.com.ar\/index.php\/product\/tela-manta-190-de-ancho\/\" \/>\n<meta property=\"og:site_name\" content=\"Cortinados.Com\" \/>\n<meta property=\"article:publisher\" content=\"https:\/\/www.facebook.com\/cortinadoscomonce\" \/>\n<meta property=\"article:modified_time\" content=\"2025-10-16T18:26:50+00:00\" \/>\n<meta property=\"og:image\" content=\"https:\/\/cortinados.com.ar\/wp-content\/uploads\/2025\/06\/3.jpg\" \/>\n\t<meta property=\"og:image:width\" content=\"1024\" \/>\n\t<meta property=\"og:image:height\" content=\"809\" \/>\n\t<meta property=\"og:image:type\" content=\"image\/jpeg\" \/>\n<meta name=\"twitter:card\" content=\"summary_large_image\" \/>\n<meta name=\"twitter:label1\" content=\"Tiempo de lectura\" \/>\n\t<meta name=\"twitter:data1\" content=\"1 minuto\" \/>\n<script type=\"application\/ld+json\" class=\"yoast-schema-graph\">{\"@context\":\"https:\\\/\\\/schema.org\",\"@graph\":[{\"@type\":\"WebPage\",\"@id\":\"https:\\\/\\\/cortinados.com.ar\\\/index.php\\\/product\\\/tela-manta-190-de-ancho\\\/\",\"url\":\"https:\\\/\\\/cortinados.com.ar\\\/index.php\\\/product\\\/tela-manta-190-de-ancho\\\/\",\"name\":\"TELA MANTA 1,90 DE ANCHO - Cortinados.Com\",\"isPartOf\":{\"@id\":\"https:\\\/\\\/cortinados.com.ar\\\/#website\"},\"primaryImageOfPage\":{\"@id\":\"https:\\\/\\\/cortinados.com.ar\\\/index.php\\\/product\\\/tela-manta-190-de-ancho\\\/#primaryimage\"},\"image\":{\"@id\":\"https:\\\/\\\/cortinados.com.ar\\\/index.php\\\/product\\\/tela-manta-190-de-ancho\\\/#primaryimage\"},\"thumbnailUrl\":\"https:\\\/\\\/cortinados.com.ar\\\/wp-content\\\/uploads\\\/2025\\\/06\\\/3.jpg\",\"datePublished\":\"2025-06-10T18:07:45+00:00\",\"dateModified\":\"2025-10-16T18:26:50+00:00\",\"description\":\"Tela manta r\u00fastica ancho 1,90 para diversos usos. Manta de sill\u00f3n, pie de cama, alfombra. Estamos en Azcu\u00e9naga 453 Bs.As, Arg. 5411 4953-1463\\\/5411 5248-0630\",\"breadcrumb\":{\"@id\":\"https:\\\/\\\/cortinados.com.ar\\\/index.php\\\/product\\\/tela-manta-190-de-ancho\\\/#breadcrumb\"},\"inLanguage\":\"es\",\"potentialAction\":[{\"@type\":\"ReadAction\",\"target\":[\"https:\\\/\\\/cortinados.com.ar\\\/index.php\\\/product\\\/tela-manta-190-de-ancho\\\/\"]}]},{\"@type\":\"ImageObject\",\"inLanguage\":\"es\",\"@id\":\"https:\\\/\\\/cortinados.com.ar\\\/index.php\\\/product\\\/tela-manta-190-de-ancho\\\/#primaryimage\",\"url\":\"https:\\\/\\\/cortinados.com.ar\\\/wp-content\\\/uploads\\\/2025\\\/06\\\/3.jpg\",\"contentUrl\":\"https:\\\/\\\/cortinados.com.ar\\\/wp-content\\\/uploads\\\/2025\\\/06\\\/3.jpg\",\"width\":1024,\"height\":809,\"caption\":\"CREATOR: gd-jpeg v1.0 (using IJG JPEG v62), quality = 75?\"},{\"@type\":\"BreadcrumbList\",\"@id\":\"https:\\\/\\\/cortinados.com.ar\\\/index.php\\\/product\\\/tela-manta-190-de-ancho\\\/#breadcrumb\",\"itemListElement\":[{\"@type\":\"ListItem\",\"position\":1,\"name\":\"Portada\",\"item\":\"https:\\\/\\\/cortinados.com.ar\\\/\"},{\"@type\":\"ListItem\",\"position\":2,\"name\":\"Tienda\",\"item\":\"https:\\\/\\\/cortinados.com.ar\\\/index.php\\\/shop-2\\\/\"},{\"@type\":\"ListItem\",\"position\":3,\"name\":\"TELA MANTA 1,90 DE ANCHO\"}]},{\"@type\":\"WebSite\",\"@id\":\"https:\\\/\\\/cortinados.com.ar\\\/#website\",\"url\":\"https:\\\/\\\/cortinados.com.ar\\\/\",\"name\":\"Cortinados.Com\",\"description\":\"+30 a\u00f1os de experiencia\",\"publisher\":{\"@id\":\"https:\\\/\\\/cortinados.com.ar\\\/#organization\"},\"potentialAction\":[{\"@type\":\"SearchAction\",\"target\":{\"@type\":\"EntryPoint\",\"urlTemplate\":\"https:\\\/\\\/cortinados.com.ar\\\/?s={search_term_string}\"},\"query-input\":{\"@type\":\"PropertyValueSpecification\",\"valueRequired\":true,\"valueName\":\"search_term_string\"}}],\"inLanguage\":\"es\"},{\"@type\":\"Organization\",\"@id\":\"https:\\\/\\\/cortinados.com.ar\\\/#organization\",\"name\":\"Cortinados.Com\",\"url\":\"https:\\\/\\\/cortinados.com.ar\\\/\",\"logo\":{\"@type\":\"ImageObject\",\"inLanguage\":\"es\",\"@id\":\"https:\\\/\\\/cortinados.com.ar\\\/#\\\/schema\\\/logo\\\/image\\\/\",\"url\":\"https:\\\/\\\/cortinados.com.ar\\\/wp-content\\\/uploads\\\/2024\\\/01\\\/cropped-faviconredondo.png\",\"contentUrl\":\"https:\\\/\\\/cortinados.com.ar\\\/wp-content\\\/uploads\\\/2024\\\/01\\\/cropped-faviconredondo.png\",\"width\":512,\"height\":512,\"caption\":\"Cortinados.Com\"},\"image\":{\"@id\":\"https:\\\/\\\/cortinados.com.ar\\\/#\\\/schema\\\/logo\\\/image\\\/\"},\"sameAs\":[\"https:\\\/\\\/www.facebook.com\\\/cortinadoscomonce\",\"https:\\\/\\\/www.instagram.com\\\/cortinados.comonce\"]}]}<\/script>\n<!-- \/ Yoast SEO plugin. -->","yoast_head_json":{"title":"TELA MANTA 1,90 DE ANCHO - Cortinados.Com","description":"Tela manta r\u00fastica ancho 1,90 para diversos usos. Manta de sill\u00f3n, pie de cama, alfombra. Estamos en Azcu\u00e9naga 453 Bs.As, Arg. 5411 4953-1463\/5411 5248-0630","robots":{"index":"index","follow":"follow","max-snippet":"max-snippet:-1","max-image-preview":"max-image-preview:large","max-video-preview":"max-video-preview:-1"},"canonical":"https:\/\/cortinados.com.ar\/index.php\/product\/tela-manta-190-de-ancho\/","og_locale":"es_ES","og_type":"article","og_title":"TELA MANTA 1,90 DE ANCHO - Cortinados.Com","og_description":"Tela manta r\u00fastica ancho 1,90 para diversos usos. Manta de sill\u00f3n, pie de cama, alfombra. Estamos en Azcu\u00e9naga 453 Bs.As, Arg. 5411 4953-1463\/5411 5248-0630","og_url":"https:\/\/cortinados.com.ar\/index.php\/product\/tela-manta-190-de-ancho\/","og_site_name":"Cortinados.Com","article_publisher":"https:\/\/www.facebook.com\/cortinadoscomonce","article_modified_time":"2025-10-16T18:26:50+00:00","og_image":[{"width":1024,"height":809,"url":"https:\/\/cortinados.com.ar\/wp-content\/uploads\/2025\/06\/3.jpg","type":"image\/jpeg"}],"twitter_card":"summary_large_image","twitter_misc":{"Tiempo de lectura":"1 minuto"},"schema":{"@context":"https:\/\/schema.org","@graph":[{"@type":"WebPage","@id":"https:\/\/cortinados.com.ar\/index.php\/product\/tela-manta-190-de-ancho\/","url":"https:\/\/cortinados.com.ar\/index.php\/product\/tela-manta-190-de-ancho\/","name":"TELA MANTA 1,90 DE ANCHO - Cortinados.Com","isPartOf":{"@id":"https:\/\/cortinados.com.ar\/#website"},"primaryImageOfPage":{"@id":"https:\/\/cortinados.com.ar\/index.php\/product\/tela-manta-190-de-ancho\/#primaryimage"},"image":{"@id":"https:\/\/cortinados.com.ar\/index.php\/product\/tela-manta-190-de-ancho\/#primaryimage"},"thumbnailUrl":"https:\/\/cortinados.com.ar\/wp-content\/uploads\/2025\/06\/3.jpg","datePublished":"2025-06-10T18:07:45+00:00","dateModified":"2025-10-16T18:26:50+00:00","description":"Tela manta r\u00fastica ancho 1,90 para diversos usos. Manta de sill\u00f3n, pie de cama, alfombra. Estamos en Azcu\u00e9naga 453 Bs.As, Arg. 5411 4953-1463\/5411 5248-0630","breadcrumb":{"@id":"https:\/\/cortinados.com.ar\/index.php\/product\/tela-manta-190-de-ancho\/#breadcrumb"},"inLanguage":"es","potentialAction":[{"@type":"ReadAction","target":["https:\/\/cortinados.com.ar\/index.php\/product\/tela-manta-190-de-ancho\/"]}]},{"@type":"ImageObject","inLanguage":"es","@id":"https:\/\/cortinados.com.ar\/index.php\/product\/tela-manta-190-de-ancho\/#primaryimage","url":"https:\/\/cortinados.com.ar\/wp-content\/uploads\/2025\/06\/3.jpg","contentUrl":"https:\/\/cortinados.com.ar\/wp-content\/uploads\/2025\/06\/3.jpg","width":1024,"height":809,"caption":"CREATOR: gd-jpeg v1.0 (using IJG JPEG v62), quality = 75?"},{"@type":"BreadcrumbList","@id":"https:\/\/cortinados.com.ar\/index.php\/product\/tela-manta-190-de-ancho\/#breadcrumb","itemListElement":[{"@type":"ListItem","position":1,"name":"Portada","item":"https:\/\/cortinados.com.ar\/"},{"@type":"ListItem","position":2,"name":"Tienda","item":"https:\/\/cortinados.com.ar\/index.php\/shop-2\/"},{"@type":"ListItem","position":3,"name":"TELA MANTA 1,90 DE ANCHO"}]},{"@type":"WebSite","@id":"https:\/\/cortinados.com.ar\/#website","url":"https:\/\/cortinados.com.ar\/","name":"Cortinados.Com","description":"+30 a\u00f1os de experiencia","publisher":{"@id":"https:\/\/cortinados.com.ar\/#organization"},"potentialAction":[{"@type":"SearchAction","target":{"@type":"EntryPoint","urlTemplate":"https:\/\/cortinados.com.ar\/?s={search_term_string}"},"query-input":{"@type":"PropertyValueSpecification","valueRequired":true,"valueName":"search_term_string"}}],"inLanguage":"es"},{"@type":"Organization","@id":"https:\/\/cortinados.com.ar\/#organization","name":"Cortinados.Com","url":"https:\/\/cortinados.com.ar\/","logo":{"@type":"ImageObject","inLanguage":"es","@id":"https:\/\/cortinados.com.ar\/#\/schema\/logo\/image\/","url":"https:\/\/cortinados.com.ar\/wp-content\/uploads\/2024\/01\/cropped-faviconredondo.png","contentUrl":"https:\/\/cortinados.com.ar\/wp-content\/uploads\/2024\/01\/cropped-faviconredondo.png","width":512,"height":512,"caption":"Cortinados.Com"},"image":{"@id":"https:\/\/cortinados.com.ar\/#\/schema\/logo\/image\/"},"sameAs":["https:\/\/www.facebook.com\/cortinadoscomonce","https:\/\/www.instagram.com\/cortinados.comonce"]}]}},"_links":{"self":[{"href":"https:\/\/cortinados.com.ar\/index.php\/wp-json\/wp\/v2\/product\/10784","targetHints":{"allow":["GET"]}}],"collection":[{"href":"https:\/\/cortinados.com.ar\/index.php\/wp-json\/wp\/v2\/product"}],"about":[{"href":"https:\/\/cortinados.com.ar\/index.php\/wp-json\/wp\/v2\/types\/product"}],"version-history":[{"count":2,"href":"https:\/\/cortinados.com.ar\/index.php\/wp-json\/wp\/v2\/product\/10784\/revisions"}],"predecessor-version":[{"id":10803,"href":"https:\/\/cortinados.com.ar\/index.php\/wp-json\/wp\/v2\/product\/10784\/revisions\/10803"}],"wp:featuredmedia":[{"embeddable":true,"href":"https:\/\/cortinados.com.ar\/index.php\/wp-json\/wp\/v2\/media\/10795"}],"wp:attachment":[{"href":"https:\/\/cortinados.com.ar\/index.php\/wp-json\/wp\/v2\/media?parent=10784"}],"wp:term":[{"taxonomy":"product_brand","embeddable":true,"href":"https:\/\/cortinados.com.ar\/index.php\/wp-json\/wp\/v2\/product_brand?post=10784"},{"taxonomy":"product_cat","embeddable":true,"href":"https:\/\/cortinados.com.ar\/index.php\/wp-json\/wp\/v2\/product_cat?post=10784"},{"taxonomy":"product_tag","embeddable":true,"href":"https:\/\/cortinados.com.ar\/index.php\/wp-json\/wp\/v2\/product_tag?post=10784"}],"curies":[{"name":"wp","href":"https:\/\/api.w.org\/{rel}","templated":true}]}}