{"id":10752,"date":"2025-06-09T14:51:50","date_gmt":"2025-06-09T17:51:50","guid":{"rendered":"https:\/\/cortinados.com.ar\/?post_type=product&#038;p=10752"},"modified":"2025-10-16T15:28:49","modified_gmt":"2025-10-16T18:28:49","slug":"piel-sintetica-pelo-extra-largo-160-mt-de-ancho","status":"publish","type":"product","link":"https:\/\/cortinados.com.ar\/index.php\/product\/piel-sintetica-pelo-extra-largo-160-mt-de-ancho\/","title":{"rendered":"PIEL SINT\u00c9TICA PELO EXTRA LARGO 1,60 MT. DE ANCHO"},"content":{"rendered":"<p>Esta piel sint\u00e9tica de pelo largo es un textil de punto que imita el pelaje animal.<\/p>\n","protected":false},"excerpt":{"rendered":"<p>Ideal para tapicer\u00eda y decoraci\u00f3n. Ancho 1,60 mt. Variedad de colores. Venta x metro o rollos de 50 metros.<\/p>\n","protected":false},"featured_media":10753,"template":"","meta":[],"product_brand":[],"product_cat":[471,457,454,140,138,144],"product_tag":[470,469],"class_list":{"0":"post-10752","1":"product","2":"type-product","3":"status-publish","4":"has-post-thumbnail","6":"product_cat-almohadones","7":"product_cat-tapiceria","8":"product_cat-telas-por-uso","9":"product_cat-hogar","10":"product_cat-telas","11":"product_cat-telas-interior","12":"product_tag-piel","13":"product_tag-piel-sintetica","14":"pa_color-beige","15":"pa_color-blanco","16":"pa_color-gris","17":"pa_color-natural","18":"pa_color-negro","19":"pa_color-rosa","21":"first","22":"instock","23":"featured","24":"shipping-taxable","25":"purchasable","26":"product-type-variable","27":"has-default-attributes"},"yoast_head":"<!-- This site is optimized with the Yoast SEO plugin v27.4 - https:\/\/yoast.com\/product\/yoast-seo-wordpress\/ -->\n<title>PIEL SINT\u00c9TICA PELO EXTRA LARGO 1,60 MT. DE ANCHO - Cortinados.Com<\/title>\n<meta name=\"description\" content=\"Esta piel sint\u00e9tica de pelo largo es un textil de punto que imita el pelaje animal. Estamos en Azcu\u00e9naga 453 Bs.As, Arg. +5411 4953-1463 \/ +5411 5248-0630\" \/>\n<meta name=\"robots\" content=\"index, follow, max-snippet:-1, max-image-preview:large, max-video-preview:-1\" \/>\n<link rel=\"canonical\" href=\"https:\/\/cortinados.com.ar\/index.php\/product\/piel-sintetica-pelo-extra-largo-160-mt-de-ancho\/\" \/>\n<meta property=\"og:locale\" content=\"es_ES\" \/>\n<meta property=\"og:type\" content=\"article\" \/>\n<meta property=\"og:title\" content=\"PIEL SINT\u00c9TICA PELO EXTRA LARGO 1,60 MT. DE ANCHO - Cortinados.Com\" \/>\n<meta property=\"og:description\" content=\"Esta piel sint\u00e9tica de pelo largo es un textil de punto que imita el pelaje animal. Estamos en Azcu\u00e9naga 453 Bs.As, Arg. +5411 4953-1463 \/ +5411 5248-0630\" \/>\n<meta property=\"og:url\" content=\"https:\/\/cortinados.com.ar\/index.php\/product\/piel-sintetica-pelo-extra-largo-160-mt-de-ancho\/\" \/>\n<meta property=\"og:site_name\" content=\"Cortinados.Com\" \/>\n<meta property=\"article:publisher\" content=\"https:\/\/www.facebook.com\/cortinadoscomonce\" \/>\n<meta property=\"article:modified_time\" content=\"2025-10-16T18:28:49+00:00\" \/>\n<meta property=\"og:image\" content=\"https:\/\/cortinados.com.ar\/wp-content\/uploads\/2025\/06\/Piel-de-llama-01.jpg\" \/>\n\t<meta property=\"og:image:width\" content=\"1280\" \/>\n\t<meta property=\"og:image:height\" content=\"1009\" \/>\n\t<meta property=\"og:image:type\" content=\"image\/jpeg\" \/>\n<meta name=\"twitter:card\" content=\"summary_large_image\" \/>\n<meta name=\"twitter:label1\" content=\"Tiempo de lectura\" \/>\n\t<meta name=\"twitter:data1\" content=\"1 minuto\" \/>\n<script type=\"application\/ld+json\" class=\"yoast-schema-graph\">{\"@context\":\"https:\\\/\\\/schema.org\",\"@graph\":[{\"@type\":\"WebPage\",\"@id\":\"https:\\\/\\\/cortinados.com.ar\\\/index.php\\\/product\\\/piel-sintetica-pelo-extra-largo-160-mt-de-ancho\\\/\",\"url\":\"https:\\\/\\\/cortinados.com.ar\\\/index.php\\\/product\\\/piel-sintetica-pelo-extra-largo-160-mt-de-ancho\\\/\",\"name\":\"PIEL SINT\u00c9TICA PELO EXTRA LARGO 1,60 MT. DE ANCHO - Cortinados.Com\",\"isPartOf\":{\"@id\":\"https:\\\/\\\/cortinados.com.ar\\\/#website\"},\"primaryImageOfPage\":{\"@id\":\"https:\\\/\\\/cortinados.com.ar\\\/index.php\\\/product\\\/piel-sintetica-pelo-extra-largo-160-mt-de-ancho\\\/#primaryimage\"},\"image\":{\"@id\":\"https:\\\/\\\/cortinados.com.ar\\\/index.php\\\/product\\\/piel-sintetica-pelo-extra-largo-160-mt-de-ancho\\\/#primaryimage\"},\"thumbnailUrl\":\"https:\\\/\\\/cortinados.com.ar\\\/wp-content\\\/uploads\\\/2025\\\/06\\\/Piel-de-llama-01.jpg\",\"datePublished\":\"2025-06-09T17:51:50+00:00\",\"dateModified\":\"2025-10-16T18:28:49+00:00\",\"description\":\"Esta piel sint\u00e9tica de pelo largo es un textil de punto que imita el pelaje animal. Estamos en Azcu\u00e9naga 453 Bs.As, Arg. +5411 4953-1463 \\\/ +5411 5248-0630\",\"breadcrumb\":{\"@id\":\"https:\\\/\\\/cortinados.com.ar\\\/index.php\\\/product\\\/piel-sintetica-pelo-extra-largo-160-mt-de-ancho\\\/#breadcrumb\"},\"inLanguage\":\"es\",\"potentialAction\":[{\"@type\":\"ReadAction\",\"target\":[\"https:\\\/\\\/cortinados.com.ar\\\/index.php\\\/product\\\/piel-sintetica-pelo-extra-largo-160-mt-de-ancho\\\/\"]}]},{\"@type\":\"ImageObject\",\"inLanguage\":\"es\",\"@id\":\"https:\\\/\\\/cortinados.com.ar\\\/index.php\\\/product\\\/piel-sintetica-pelo-extra-largo-160-mt-de-ancho\\\/#primaryimage\",\"url\":\"https:\\\/\\\/cortinados.com.ar\\\/wp-content\\\/uploads\\\/2025\\\/06\\\/Piel-de-llama-01.jpg\",\"contentUrl\":\"https:\\\/\\\/cortinados.com.ar\\\/wp-content\\\/uploads\\\/2025\\\/06\\\/Piel-de-llama-01.jpg\",\"width\":1280,\"height\":1009,\"caption\":\"CREATOR: gd-jpeg v1.0 (using IJG JPEG v62), quality = 75?\"},{\"@type\":\"BreadcrumbList\",\"@id\":\"https:\\\/\\\/cortinados.com.ar\\\/index.php\\\/product\\\/piel-sintetica-pelo-extra-largo-160-mt-de-ancho\\\/#breadcrumb\",\"itemListElement\":[{\"@type\":\"ListItem\",\"position\":1,\"name\":\"Portada\",\"item\":\"https:\\\/\\\/cortinados.com.ar\\\/\"},{\"@type\":\"ListItem\",\"position\":2,\"name\":\"Tienda\",\"item\":\"https:\\\/\\\/cortinados.com.ar\\\/index.php\\\/shop-2\\\/\"},{\"@type\":\"ListItem\",\"position\":3,\"name\":\"PIEL SINT\u00c9TICA PELO EXTRA LARGO 1,60 MT. DE ANCHO\"}]},{\"@type\":\"WebSite\",\"@id\":\"https:\\\/\\\/cortinados.com.ar\\\/#website\",\"url\":\"https:\\\/\\\/cortinados.com.ar\\\/\",\"name\":\"Cortinados.Com\",\"description\":\"+30 a\u00f1os de experiencia\",\"publisher\":{\"@id\":\"https:\\\/\\\/cortinados.com.ar\\\/#organization\"},\"potentialAction\":[{\"@type\":\"SearchAction\",\"target\":{\"@type\":\"EntryPoint\",\"urlTemplate\":\"https:\\\/\\\/cortinados.com.ar\\\/?s={search_term_string}\"},\"query-input\":{\"@type\":\"PropertyValueSpecification\",\"valueRequired\":true,\"valueName\":\"search_term_string\"}}],\"inLanguage\":\"es\"},{\"@type\":\"Organization\",\"@id\":\"https:\\\/\\\/cortinados.com.ar\\\/#organization\",\"name\":\"Cortinados.Com\",\"url\":\"https:\\\/\\\/cortinados.com.ar\\\/\",\"logo\":{\"@type\":\"ImageObject\",\"inLanguage\":\"es\",\"@id\":\"https:\\\/\\\/cortinados.com.ar\\\/#\\\/schema\\\/logo\\\/image\\\/\",\"url\":\"https:\\\/\\\/cortinados.com.ar\\\/wp-content\\\/uploads\\\/2024\\\/01\\\/cropped-faviconredondo.png\",\"contentUrl\":\"https:\\\/\\\/cortinados.com.ar\\\/wp-content\\\/uploads\\\/2024\\\/01\\\/cropped-faviconredondo.png\",\"width\":512,\"height\":512,\"caption\":\"Cortinados.Com\"},\"image\":{\"@id\":\"https:\\\/\\\/cortinados.com.ar\\\/#\\\/schema\\\/logo\\\/image\\\/\"},\"sameAs\":[\"https:\\\/\\\/www.facebook.com\\\/cortinadoscomonce\",\"https:\\\/\\\/www.instagram.com\\\/cortinados.comonce\"]}]}<\/script>\n<!-- \/ Yoast SEO plugin. -->","yoast_head_json":{"title":"PIEL SINT\u00c9TICA PELO EXTRA LARGO 1,60 MT. DE ANCHO - Cortinados.Com","description":"Esta piel sint\u00e9tica de pelo largo es un textil de punto que imita el pelaje animal. Estamos en Azcu\u00e9naga 453 Bs.As, Arg. +5411 4953-1463 \/ +5411 5248-0630","robots":{"index":"index","follow":"follow","max-snippet":"max-snippet:-1","max-image-preview":"max-image-preview:large","max-video-preview":"max-video-preview:-1"},"canonical":"https:\/\/cortinados.com.ar\/index.php\/product\/piel-sintetica-pelo-extra-largo-160-mt-de-ancho\/","og_locale":"es_ES","og_type":"article","og_title":"PIEL SINT\u00c9TICA PELO EXTRA LARGO 1,60 MT. DE ANCHO - Cortinados.Com","og_description":"Esta piel sint\u00e9tica de pelo largo es un textil de punto que imita el pelaje animal. Estamos en Azcu\u00e9naga 453 Bs.As, Arg. +5411 4953-1463 \/ +5411 5248-0630","og_url":"https:\/\/cortinados.com.ar\/index.php\/product\/piel-sintetica-pelo-extra-largo-160-mt-de-ancho\/","og_site_name":"Cortinados.Com","article_publisher":"https:\/\/www.facebook.com\/cortinadoscomonce","article_modified_time":"2025-10-16T18:28:49+00:00","og_image":[{"width":1280,"height":1009,"url":"https:\/\/cortinados.com.ar\/wp-content\/uploads\/2025\/06\/Piel-de-llama-01.jpg","type":"image\/jpeg"}],"twitter_card":"summary_large_image","twitter_misc":{"Tiempo de lectura":"1 minuto"},"schema":{"@context":"https:\/\/schema.org","@graph":[{"@type":"WebPage","@id":"https:\/\/cortinados.com.ar\/index.php\/product\/piel-sintetica-pelo-extra-largo-160-mt-de-ancho\/","url":"https:\/\/cortinados.com.ar\/index.php\/product\/piel-sintetica-pelo-extra-largo-160-mt-de-ancho\/","name":"PIEL SINT\u00c9TICA PELO EXTRA LARGO 1,60 MT. DE ANCHO - Cortinados.Com","isPartOf":{"@id":"https:\/\/cortinados.com.ar\/#website"},"primaryImageOfPage":{"@id":"https:\/\/cortinados.com.ar\/index.php\/product\/piel-sintetica-pelo-extra-largo-160-mt-de-ancho\/#primaryimage"},"image":{"@id":"https:\/\/cortinados.com.ar\/index.php\/product\/piel-sintetica-pelo-extra-largo-160-mt-de-ancho\/#primaryimage"},"thumbnailUrl":"https:\/\/cortinados.com.ar\/wp-content\/uploads\/2025\/06\/Piel-de-llama-01.jpg","datePublished":"2025-06-09T17:51:50+00:00","dateModified":"2025-10-16T18:28:49+00:00","description":"Esta piel sint\u00e9tica de pelo largo es un textil de punto que imita el pelaje animal. Estamos en Azcu\u00e9naga 453 Bs.As, Arg. +5411 4953-1463 \/ +5411 5248-0630","breadcrumb":{"@id":"https:\/\/cortinados.com.ar\/index.php\/product\/piel-sintetica-pelo-extra-largo-160-mt-de-ancho\/#breadcrumb"},"inLanguage":"es","potentialAction":[{"@type":"ReadAction","target":["https:\/\/cortinados.com.ar\/index.php\/product\/piel-sintetica-pelo-extra-largo-160-mt-de-ancho\/"]}]},{"@type":"ImageObject","inLanguage":"es","@id":"https:\/\/cortinados.com.ar\/index.php\/product\/piel-sintetica-pelo-extra-largo-160-mt-de-ancho\/#primaryimage","url":"https:\/\/cortinados.com.ar\/wp-content\/uploads\/2025\/06\/Piel-de-llama-01.jpg","contentUrl":"https:\/\/cortinados.com.ar\/wp-content\/uploads\/2025\/06\/Piel-de-llama-01.jpg","width":1280,"height":1009,"caption":"CREATOR: gd-jpeg v1.0 (using IJG JPEG v62), quality = 75?"},{"@type":"BreadcrumbList","@id":"https:\/\/cortinados.com.ar\/index.php\/product\/piel-sintetica-pelo-extra-largo-160-mt-de-ancho\/#breadcrumb","itemListElement":[{"@type":"ListItem","position":1,"name":"Portada","item":"https:\/\/cortinados.com.ar\/"},{"@type":"ListItem","position":2,"name":"Tienda","item":"https:\/\/cortinados.com.ar\/index.php\/shop-2\/"},{"@type":"ListItem","position":3,"name":"PIEL SINT\u00c9TICA PELO EXTRA LARGO 1,60 MT. DE ANCHO"}]},{"@type":"WebSite","@id":"https:\/\/cortinados.com.ar\/#website","url":"https:\/\/cortinados.com.ar\/","name":"Cortinados.Com","description":"+30 a\u00f1os de experiencia","publisher":{"@id":"https:\/\/cortinados.com.ar\/#organization"},"potentialAction":[{"@type":"SearchAction","target":{"@type":"EntryPoint","urlTemplate":"https:\/\/cortinados.com.ar\/?s={search_term_string}"},"query-input":{"@type":"PropertyValueSpecification","valueRequired":true,"valueName":"search_term_string"}}],"inLanguage":"es"},{"@type":"Organization","@id":"https:\/\/cortinados.com.ar\/#organization","name":"Cortinados.Com","url":"https:\/\/cortinados.com.ar\/","logo":{"@type":"ImageObject","inLanguage":"es","@id":"https:\/\/cortinados.com.ar\/#\/schema\/logo\/image\/","url":"https:\/\/cortinados.com.ar\/wp-content\/uploads\/2024\/01\/cropped-faviconredondo.png","contentUrl":"https:\/\/cortinados.com.ar\/wp-content\/uploads\/2024\/01\/cropped-faviconredondo.png","width":512,"height":512,"caption":"Cortinados.Com"},"image":{"@id":"https:\/\/cortinados.com.ar\/#\/schema\/logo\/image\/"},"sameAs":["https:\/\/www.facebook.com\/cortinadoscomonce","https:\/\/www.instagram.com\/cortinados.comonce"]}]}},"_links":{"self":[{"href":"https:\/\/cortinados.com.ar\/index.php\/wp-json\/wp\/v2\/product\/10752","targetHints":{"allow":["GET"]}}],"collection":[{"href":"https:\/\/cortinados.com.ar\/index.php\/wp-json\/wp\/v2\/product"}],"about":[{"href":"https:\/\/cortinados.com.ar\/index.php\/wp-json\/wp\/v2\/types\/product"}],"version-history":[{"count":2,"href":"https:\/\/cortinados.com.ar\/index.php\/wp-json\/wp\/v2\/product\/10752\/revisions"}],"predecessor-version":[{"id":10774,"href":"https:\/\/cortinados.com.ar\/index.php\/wp-json\/wp\/v2\/product\/10752\/revisions\/10774"}],"wp:featuredmedia":[{"embeddable":true,"href":"https:\/\/cortinados.com.ar\/index.php\/wp-json\/wp\/v2\/media\/10753"}],"wp:attachment":[{"href":"https:\/\/cortinados.com.ar\/index.php\/wp-json\/wp\/v2\/media?parent=10752"}],"wp:term":[{"taxonomy":"product_brand","embeddable":true,"href":"https:\/\/cortinados.com.ar\/index.php\/wp-json\/wp\/v2\/product_brand?post=10752"},{"taxonomy":"product_cat","embeddable":true,"href":"https:\/\/cortinados.com.ar\/index.php\/wp-json\/wp\/v2\/product_cat?post=10752"},{"taxonomy":"product_tag","embeddable":true,"href":"https:\/\/cortinados.com.ar\/index.php\/wp-json\/wp\/v2\/product_tag?post=10752"}],"curies":[{"name":"wp","href":"https:\/\/api.w.org\/{rel}","templated":true}]}}