{"id":9389,"date":"2024-02-15T10:05:46","date_gmt":"2024-02-15T13:05:46","guid":{"rendered":"https:\/\/cortinados.com.ar\/?page_id=9389"},"modified":"2024-03-02T11:41:29","modified_gmt":"2024-03-02T14:41:29","slug":"formas-de-pago","status":"publish","type":"page","link":"https:\/\/cortinados.com.ar\/index.php\/formas-de-pago\/","title":{"rendered":"Formas de pago"},"content":{"rendered":"\t\t<div data-elementor-type=\"wp-page\" data-elementor-id=\"9389\" class=\"elementor elementor-9389\">\n\t\t\t\t<div class=\"elementor-element elementor-element-5409a087 e-flex e-con-boxed e-con e-parent\" data-id=\"5409a087\" data-element_type=\"container\" data-e-type=\"container\">\n\t\t\t\t\t<div class=\"e-con-inner\">\n\t\t\t\t<div class=\"elementor-element elementor-element-57171ed elementor-widget elementor-widget-heading\" data-id=\"57171ed\" data-element_type=\"widget\" data-e-type=\"widget\" data-widget_type=\"heading.default\">\n\t\t\t\t<div class=\"elementor-widget-container\">\n\t\t\t\t\t<h2 class=\"elementor-heading-title elementor-size-default\">Pod\u00e9s pagar tus compras con cualquiera de estos medios. Es r\u00e1pido y seguro.<\/h2>\t\t\t\t<\/div>\n\t\t\t\t<\/div>\n\t\t\t\t\t<\/div>\n\t\t\t\t<\/div>\n\t\t<div class=\"elementor-element elementor-element-4613e26 e-con-full e-flex e-con e-parent\" data-id=\"4613e26\" data-element_type=\"container\" data-e-type=\"container\">\n\t\t<div class=\"elementor-element elementor-element-9baacf5 e-con-full e-flex e-con e-child\" data-id=\"9baacf5\" data-element_type=\"container\" data-e-type=\"container\">\n\t\t\t\t<div class=\"elementor-element elementor-element-bfc902c elementor-widget elementor-widget-heading\" data-id=\"bfc902c\" data-element_type=\"widget\" data-e-type=\"widget\" data-widget_type=\"heading.default\">\n\t\t\t\t<div class=\"elementor-widget-container\">\n\t\t\t\t\t<h2 class=\"elementor-heading-title elementor-size-default\">Transferencia Bancaria Directa<\/h2>\t\t\t\t<\/div>\n\t\t\t\t<\/div>\n\t\t\t\t<\/div>\n\t\t<div class=\"elementor-element elementor-element-5d198d0 e-con-full e-flex e-con e-child\" data-id=\"5d198d0\" data-element_type=\"container\" data-e-type=\"container\">\n\t\t\t\t<div class=\"elementor-element elementor-element-ec5a185 elementor-widget elementor-widget-image\" data-id=\"ec5a185\" data-element_type=\"widget\" data-e-type=\"widget\" data-widget_type=\"image.default\">\n\t\t\t\t<div class=\"elementor-widget-container\">\n\t\t\t\t\t\t\t\t\t\t\t\t\t\t\t<img fetchpriority=\"high\" decoding=\"async\" width=\"300\" height=\"300\" src=\"https:\/\/cortinados.com.ar\/wp-content\/uploads\/2024\/03\/ico-transf.png\" class=\"attachment-medium size-medium wp-image-10461\" alt=\"\" srcset=\"https:\/\/cortinados.com.ar\/wp-content\/uploads\/2024\/03\/ico-transf.png 300w, https:\/\/cortinados.com.ar\/wp-content\/uploads\/2024\/03\/ico-transf-200x200.png 200w, https:\/\/cortinados.com.ar\/wp-content\/uploads\/2024\/03\/ico-transf-100x100.png 100w, https:\/\/cortinados.com.ar\/wp-content\/uploads\/2024\/03\/ico-transf-40x40.png 40w, https:\/\/cortinados.com.ar\/wp-content\/uploads\/2024\/03\/ico-transf-30x30.png 30w\" sizes=\"(max-width: 300px) 100vw, 300px\" \/>\t\t\t\t\t\t\t\t\t\t\t\t\t\t\t<\/div>\n\t\t\t\t<\/div>\n\t\t\t\t<\/div>\n\t\t\t\t<\/div>\n\t\t<div class=\"elementor-element elementor-element-a08eaf4 e-con-full e-flex e-con e-parent\" data-id=\"a08eaf4\" data-element_type=\"container\" data-e-type=\"container\">\n\t\t<div class=\"elementor-element elementor-element-4fceb8b e-con-full e-flex e-con e-child\" data-id=\"4fceb8b\" data-element_type=\"container\" data-e-type=\"container\">\n\t\t\t\t<div class=\"elementor-element elementor-element-b1f06aa elementor-hidden-desktop elementor-hidden-tablet elementor-widget-divider--view-line elementor-widget elementor-widget-divider\" data-id=\"b1f06aa\" data-element_type=\"widget\" data-e-type=\"widget\" data-widget_type=\"divider.default\">\n\t\t\t\t<div class=\"elementor-widget-container\">\n\t\t\t\t\t\t\t<div class=\"elementor-divider\">\n\t\t\t<span class=\"elementor-divider-separator\">\n\t\t\t\t\t\t<\/span>\n\t\t<\/div>\n\t\t\t\t\t\t<\/div>\n\t\t\t\t<\/div>\n\t\t\t\t<div class=\"elementor-element elementor-element-ca4b944 elementor-widget elementor-widget-heading\" data-id=\"ca4b944\" data-element_type=\"widget\" data-e-type=\"widget\" data-widget_type=\"heading.default\">\n\t\t\t\t<div class=\"elementor-widget-container\">\n\t\t\t\t\t<h2 class=\"elementor-heading-title elementor-size-default\">Tarjetas de cr\u00e9dito a trav\u00e9s de Mercadopago<\/h2>\t\t\t\t<\/div>\n\t\t\t\t<\/div>\n\t\t\t\t<div class=\"elementor-element elementor-element-158905a elementor-widget elementor-widget-text-editor\" data-id=\"158905a\" data-element_type=\"widget\" data-e-type=\"widget\" data-widget_type=\"text-editor.default\">\n\t\t\t\t<div class=\"elementor-widget-container\">\n\t\t\t\t\t\t\t\t\t<p><a href=\"https:\/\/www.mercadolibre.com.ar\/gz\/promociones-bancos?modal=true&amp;flow=true\" target=\"_blank\" rel=\"noopener\">Ver promociones en cuotas<\/a><\/p>\t\t\t\t\t\t\t\t<\/div>\n\t\t\t\t<\/div>\n\t\t\t\t<\/div>\n\t\t<div class=\"elementor-element elementor-element-9f44a83 e-con-full e-flex e-con e-child\" data-id=\"9f44a83\" data-element_type=\"container\" data-e-type=\"container\">\n\t\t\t\t<div class=\"elementor-element elementor-element-5fb1c61 elementor-widget elementor-widget-image\" data-id=\"5fb1c61\" data-element_type=\"widget\" data-e-type=\"widget\" data-widget_type=\"image.default\">\n\t\t\t\t<div class=\"elementor-widget-container\">\n\t\t\t\t\t\t\t\t\t\t\t\t\t\t\t<img decoding=\"async\" width=\"600\" height=\"300\" src=\"https:\/\/cortinados.com.ar\/wp-content\/uploads\/2024\/03\/tarjetas_cred.png\" class=\"attachment-large size-large wp-image-10466\" alt=\"\" srcset=\"https:\/\/cortinados.com.ar\/wp-content\/uploads\/2024\/03\/tarjetas_cred.png 600w, https:\/\/cortinados.com.ar\/wp-content\/uploads\/2024\/03\/tarjetas_cred-300x150.png 300w\" sizes=\"(max-width: 600px) 100vw, 600px\" \/>\t\t\t\t\t\t\t\t\t\t\t\t\t\t\t<\/div>\n\t\t\t\t<\/div>\n\t\t\t\t<\/div>\n\t\t\t\t<\/div>\n\t\t<div class=\"elementor-element elementor-element-6fbab34 e-con-full e-flex e-con e-parent\" data-id=\"6fbab34\" data-element_type=\"container\" data-e-type=\"container\">\n\t\t<div class=\"elementor-element elementor-element-71d61ca e-con-full e-flex e-con e-child\" data-id=\"71d61ca\" data-element_type=\"container\" data-e-type=\"container\">\n\t\t\t\t<div class=\"elementor-element elementor-element-fec8fc1 elementor-hidden-desktop elementor-hidden-tablet elementor-widget-divider--view-line elementor-widget elementor-widget-divider\" data-id=\"fec8fc1\" data-element_type=\"widget\" data-e-type=\"widget\" data-widget_type=\"divider.default\">\n\t\t\t\t<div class=\"elementor-widget-container\">\n\t\t\t\t\t\t\t<div class=\"elementor-divider\">\n\t\t\t<span class=\"elementor-divider-separator\">\n\t\t\t\t\t\t<\/span>\n\t\t<\/div>\n\t\t\t\t\t\t<\/div>\n\t\t\t\t<\/div>\n\t\t\t\t<div class=\"elementor-element elementor-element-9c18230 elementor-widget elementor-widget-heading\" data-id=\"9c18230\" data-element_type=\"widget\" data-e-type=\"widget\" data-widget_type=\"heading.default\">\n\t\t\t\t<div class=\"elementor-widget-container\">\n\t\t\t\t\t<h2 class=\"elementor-heading-title elementor-size-default\">Tarjetas de d\u00e9bito a trav\u00e9s de Mercadopago<\/h2>\t\t\t\t<\/div>\n\t\t\t\t<\/div>\n\t\t\t\t<\/div>\n\t\t<div class=\"elementor-element elementor-element-6b37870 e-con-full e-flex e-con e-child\" data-id=\"6b37870\" data-element_type=\"container\" data-e-type=\"container\">\n\t\t\t\t<div class=\"elementor-element elementor-element-14dec3c elementor-widget elementor-widget-image\" data-id=\"14dec3c\" data-element_type=\"widget\" data-e-type=\"widget\" data-widget_type=\"image.default\">\n\t\t\t\t<div class=\"elementor-widget-container\">\n\t\t\t\t\t\t\t\t\t\t\t\t\t\t\t<img decoding=\"async\" width=\"600\" height=\"300\" src=\"https:\/\/cortinados.com.ar\/wp-content\/uploads\/2024\/03\/tarjetas_deb.png\" class=\"attachment-large size-large wp-image-10467\" alt=\"\" srcset=\"https:\/\/cortinados.com.ar\/wp-content\/uploads\/2024\/03\/tarjetas_deb.png 600w, https:\/\/cortinados.com.ar\/wp-content\/uploads\/2024\/03\/tarjetas_deb-300x150.png 300w\" sizes=\"(max-width: 600px) 100vw, 600px\" \/>\t\t\t\t\t\t\t\t\t\t\t\t\t\t\t<\/div>\n\t\t\t\t<\/div>\n\t\t\t\t<\/div>\n\t\t\t\t<\/div>\n\t\t<div class=\"elementor-element elementor-element-2d94fbd e-con-full e-flex e-con e-parent\" data-id=\"2d94fbd\" data-element_type=\"container\" data-e-type=\"container\">\n\t\t<div class=\"elementor-element elementor-element-8a934ee e-con-full e-flex e-con e-child\" data-id=\"8a934ee\" data-element_type=\"container\" data-e-type=\"container\">\n\t\t\t\t<div class=\"elementor-element elementor-element-a239da1 elementor-hidden-desktop elementor-hidden-tablet elementor-widget-divider--view-line elementor-widget elementor-widget-divider\" data-id=\"a239da1\" data-element_type=\"widget\" data-e-type=\"widget\" data-widget_type=\"divider.default\">\n\t\t\t\t<div class=\"elementor-widget-container\">\n\t\t\t\t\t\t\t<div class=\"elementor-divider\">\n\t\t\t<span class=\"elementor-divider-separator\">\n\t\t\t\t\t\t<\/span>\n\t\t<\/div>\n\t\t\t\t\t\t<\/div>\n\t\t\t\t<\/div>\n\t\t\t\t<div class=\"elementor-element elementor-element-e2a32b4 elementor-widget elementor-widget-heading\" data-id=\"e2a32b4\" data-element_type=\"widget\" data-e-type=\"widget\" data-widget_type=\"heading.default\">\n\t\t\t\t<div class=\"elementor-widget-container\">\n\t\t\t\t\t<h2 class=\"elementor-heading-title elementor-size-default\">Efectivo a trav\u00e9s de Mercadopago<\/h2>\t\t\t\t<\/div>\n\t\t\t\t<\/div>\n\t\t\t\t<\/div>\n\t\t<div class=\"elementor-element elementor-element-ad7c376 e-con-full e-flex e-con e-child\" data-id=\"ad7c376\" data-element_type=\"container\" data-e-type=\"container\">\n\t\t\t\t<div class=\"elementor-element elementor-element-9ecb03a elementor-widget elementor-widget-image\" data-id=\"9ecb03a\" data-element_type=\"widget\" data-e-type=\"widget\" data-widget_type=\"image.default\">\n\t\t\t\t<div class=\"elementor-widget-container\">\n\t\t\t\t\t\t\t\t\t\t\t\t\t\t\t<img loading=\"lazy\" decoding=\"async\" width=\"600\" height=\"300\" src=\"https:\/\/cortinados.com.ar\/wp-content\/uploads\/2024\/03\/efectivo.png\" class=\"attachment-large size-large wp-image-10475\" alt=\"\" srcset=\"https:\/\/cortinados.com.ar\/wp-content\/uploads\/2024\/03\/efectivo.png 600w, https:\/\/cortinados.com.ar\/wp-content\/uploads\/2024\/03\/efectivo-300x150.png 300w\" sizes=\"(max-width: 600px) 100vw, 600px\" \/>\t\t\t\t\t\t\t\t\t\t\t\t\t\t\t<\/div>\n\t\t\t\t<\/div>\n\t\t\t\t<\/div>\n\t\t\t\t<\/div>\n\t\t<div class=\"elementor-element elementor-element-e510362 e-con-full e-flex e-con e-parent\" data-id=\"e510362\" data-element_type=\"container\" data-e-type=\"container\">\n\t\t<div class=\"elementor-element elementor-element-c7d3d7d e-con-full e-flex e-con e-child\" data-id=\"c7d3d7d\" data-element_type=\"container\" data-e-type=\"container\">\n\t\t\t\t<div class=\"elementor-element elementor-element-5e7a834 elementor-hidden-desktop elementor-hidden-tablet elementor-widget-divider--view-line elementor-widget elementor-widget-divider\" data-id=\"5e7a834\" data-element_type=\"widget\" data-e-type=\"widget\" data-widget_type=\"divider.default\">\n\t\t\t\t<div class=\"elementor-widget-container\">\n\t\t\t\t\t\t\t<div class=\"elementor-divider\">\n\t\t\t<span class=\"elementor-divider-separator\">\n\t\t\t\t\t\t<\/span>\n\t\t<\/div>\n\t\t\t\t\t\t<\/div>\n\t\t\t\t<\/div>\n\t\t\t\t<div class=\"elementor-element elementor-element-d86f8a3 elementor-widget elementor-widget-heading\" data-id=\"d86f8a3\" data-element_type=\"widget\" data-e-type=\"widget\" data-widget_type=\"heading.default\">\n\t\t\t\t<div class=\"elementor-widget-container\">\n\t\t\t\t\t<h2 class=\"elementor-heading-title elementor-size-default\">Dinero en cuenta de Mercadopago<\/h2>\t\t\t\t<\/div>\n\t\t\t\t<\/div>\n\t\t\t\t<\/div>\n\t\t<div class=\"elementor-element elementor-element-b56796b e-con-full e-flex e-con e-child\" data-id=\"b56796b\" data-element_type=\"container\" data-e-type=\"container\">\n\t\t\t\t<div class=\"elementor-element elementor-element-cd88df4 elementor-widget elementor-widget-image\" data-id=\"cd88df4\" data-element_type=\"widget\" data-e-type=\"widget\" data-widget_type=\"image.default\">\n\t\t\t\t<div class=\"elementor-widget-container\">\n\t\t\t\t\t\t\t\t\t\t\t\t\t\t\t<img loading=\"lazy\" decoding=\"async\" width=\"600\" height=\"300\" src=\"https:\/\/cortinados.com.ar\/wp-content\/uploads\/2024\/03\/cuenta.png\" class=\"attachment-large size-large wp-image-10505\" alt=\"\" srcset=\"https:\/\/cortinados.com.ar\/wp-content\/uploads\/2024\/03\/cuenta.png 600w, https:\/\/cortinados.com.ar\/wp-content\/uploads\/2024\/03\/cuenta-300x150.png 300w\" sizes=\"(max-width: 600px) 100vw, 600px\" \/>\t\t\t\t\t\t\t\t\t\t\t\t\t\t\t<\/div>\n\t\t\t\t<\/div>\n\t\t\t\t<\/div>\n\t\t\t\t<\/div>\n\t\t\t\t<\/div>\n\t\t","protected":false},"excerpt":{"rendered":"<p>Pod\u00e9s pagar tus compras con cualquiera de estos medios. Es r\u00e1pido y seguro. Transferencia Bancaria Directa Tarjetas de cr\u00e9dito a trav\u00e9s de Mercadopago Ver promociones en cuotas Tarjetas de d\u00e9bito a trav\u00e9s de Mercadopago Efectivo a trav\u00e9s de Mercadopago Dinero en cuenta de Mercadopago<\/p>\n","protected":false},"author":1,"featured_media":8284,"parent":0,"menu_order":0,"comment_status":"closed","ping_status":"closed","template":"","meta":{"footnotes":""},"class_list":["post-9389","page","type-page","status-publish","has-post-thumbnail","hentry"],"yoast_head":"<!-- This site is optimized with the Yoast SEO plugin v27.4 - https:\/\/yoast.com\/product\/yoast-seo-wordpress\/ -->\n<title>Formas de pago - Cortinados.Com<\/title>\n<meta name=\"robots\" content=\"index, follow, max-snippet:-1, max-image-preview:large, max-video-preview:-1\" \/>\n<link rel=\"canonical\" href=\"https:\/\/cortinados.com.ar\/index.php\/formas-de-pago\/\" \/>\n<meta property=\"og:locale\" content=\"es_ES\" \/>\n<meta property=\"og:type\" content=\"article\" \/>\n<meta property=\"og:title\" content=\"Formas de pago - Cortinados.Com\" \/>\n<meta property=\"og:description\" content=\"Pod\u00e9s pagar tus compras con cualquiera de estos medios. Es r\u00e1pido y seguro. Transferencia Bancaria Directa Tarjetas de cr\u00e9dito a trav\u00e9s de Mercadopago Ver promociones en cuotas Tarjetas de d\u00e9bito a trav\u00e9s de Mercadopago Efectivo a trav\u00e9s de Mercadopago Dinero en cuenta de Mercadopago\" \/>\n<meta property=\"og:url\" content=\"https:\/\/cortinados.com.ar\/index.php\/formas-de-pago\/\" \/>\n<meta property=\"og:site_name\" content=\"Cortinados.Com\" \/>\n<meta property=\"article:publisher\" content=\"https:\/\/www.facebook.com\/cortinadoscomonce\" \/>\n<meta property=\"article:modified_time\" content=\"2024-03-02T14:41:29+00:00\" \/>\n<meta property=\"og:image\" content=\"https:\/\/cortinados.com.ar\/wp-content\/uploads\/2024\/02\/banerinfo2.png\" \/>\n\t<meta property=\"og:image:width\" content=\"600\" \/>\n\t<meta property=\"og:image:height\" content=\"200\" \/>\n\t<meta property=\"og:image:type\" content=\"image\/png\" \/>\n<meta name=\"twitter:card\" content=\"summary_large_image\" \/>\n<meta name=\"twitter:label1\" content=\"Tiempo de lectura\" \/>\n\t<meta name=\"twitter:data1\" content=\"2 minutos\" \/>\n<script type=\"application\/ld+json\" class=\"yoast-schema-graph\">{\"@context\":\"https:\\\/\\\/schema.org\",\"@graph\":[{\"@type\":\"WebPage\",\"@id\":\"https:\\\/\\\/cortinados.com.ar\\\/index.php\\\/formas-de-pago\\\/\",\"url\":\"https:\\\/\\\/cortinados.com.ar\\\/index.php\\\/formas-de-pago\\\/\",\"name\":\"Formas de pago - Cortinados.Com\",\"isPartOf\":{\"@id\":\"https:\\\/\\\/cortinados.com.ar\\\/#website\"},\"primaryImageOfPage\":{\"@id\":\"https:\\\/\\\/cortinados.com.ar\\\/index.php\\\/formas-de-pago\\\/#primaryimage\"},\"image\":{\"@id\":\"https:\\\/\\\/cortinados.com.ar\\\/index.php\\\/formas-de-pago\\\/#primaryimage\"},\"thumbnailUrl\":\"https:\\\/\\\/cortinados.com.ar\\\/wp-content\\\/uploads\\\/2024\\\/02\\\/banerinfo2.png\",\"datePublished\":\"2024-02-15T13:05:46+00:00\",\"dateModified\":\"2024-03-02T14:41:29+00:00\",\"breadcrumb\":{\"@id\":\"https:\\\/\\\/cortinados.com.ar\\\/index.php\\\/formas-de-pago\\\/#breadcrumb\"},\"inLanguage\":\"es\",\"potentialAction\":[{\"@type\":\"ReadAction\",\"target\":[\"https:\\\/\\\/cortinados.com.ar\\\/index.php\\\/formas-de-pago\\\/\"]}]},{\"@type\":\"ImageObject\",\"inLanguage\":\"es\",\"@id\":\"https:\\\/\\\/cortinados.com.ar\\\/index.php\\\/formas-de-pago\\\/#primaryimage\",\"url\":\"https:\\\/\\\/cortinados.com.ar\\\/wp-content\\\/uploads\\\/2024\\\/02\\\/banerinfo2.png\",\"contentUrl\":\"https:\\\/\\\/cortinados.com.ar\\\/wp-content\\\/uploads\\\/2024\\\/02\\\/banerinfo2.png\",\"width\":600,\"height\":200},{\"@type\":\"BreadcrumbList\",\"@id\":\"https:\\\/\\\/cortinados.com.ar\\\/index.php\\\/formas-de-pago\\\/#breadcrumb\",\"itemListElement\":[{\"@type\":\"ListItem\",\"position\":1,\"name\":\"Portada\",\"item\":\"https:\\\/\\\/cortinados.com.ar\\\/\"},{\"@type\":\"ListItem\",\"position\":2,\"name\":\"Formas de pago\"}]},{\"@type\":\"WebSite\",\"@id\":\"https:\\\/\\\/cortinados.com.ar\\\/#website\",\"url\":\"https:\\\/\\\/cortinados.com.ar\\\/\",\"name\":\"Cortinados.Com\",\"description\":\"+30 a\u00f1os de experiencia\",\"publisher\":{\"@id\":\"https:\\\/\\\/cortinados.com.ar\\\/#organization\"},\"potentialAction\":[{\"@type\":\"SearchAction\",\"target\":{\"@type\":\"EntryPoint\",\"urlTemplate\":\"https:\\\/\\\/cortinados.com.ar\\\/?s={search_term_string}\"},\"query-input\":{\"@type\":\"PropertyValueSpecification\",\"valueRequired\":true,\"valueName\":\"search_term_string\"}}],\"inLanguage\":\"es\"},{\"@type\":\"Organization\",\"@id\":\"https:\\\/\\\/cortinados.com.ar\\\/#organization\",\"name\":\"Cortinados.Com\",\"url\":\"https:\\\/\\\/cortinados.com.ar\\\/\",\"logo\":{\"@type\":\"ImageObject\",\"inLanguage\":\"es\",\"@id\":\"https:\\\/\\\/cortinados.com.ar\\\/#\\\/schema\\\/logo\\\/image\\\/\",\"url\":\"https:\\\/\\\/cortinados.com.ar\\\/wp-content\\\/uploads\\\/2024\\\/01\\\/cropped-faviconredondo.png\",\"contentUrl\":\"https:\\\/\\\/cortinados.com.ar\\\/wp-content\\\/uploads\\\/2024\\\/01\\\/cropped-faviconredondo.png\",\"width\":512,\"height\":512,\"caption\":\"Cortinados.Com\"},\"image\":{\"@id\":\"https:\\\/\\\/cortinados.com.ar\\\/#\\\/schema\\\/logo\\\/image\\\/\"},\"sameAs\":[\"https:\\\/\\\/www.facebook.com\\\/cortinadoscomonce\",\"https:\\\/\\\/www.instagram.com\\\/cortinados.comonce\"]}]}<\/script>\n<!-- \/ Yoast SEO plugin. -->","yoast_head_json":{"title":"Formas de pago - Cortinados.Com","robots":{"index":"index","follow":"follow","max-snippet":"max-snippet:-1","max-image-preview":"max-image-preview:large","max-video-preview":"max-video-preview:-1"},"canonical":"https:\/\/cortinados.com.ar\/index.php\/formas-de-pago\/","og_locale":"es_ES","og_type":"article","og_title":"Formas de pago - Cortinados.Com","og_description":"Pod\u00e9s pagar tus compras con cualquiera de estos medios. Es r\u00e1pido y seguro. Transferencia Bancaria Directa Tarjetas de cr\u00e9dito a trav\u00e9s de Mercadopago Ver promociones en cuotas Tarjetas de d\u00e9bito a trav\u00e9s de Mercadopago Efectivo a trav\u00e9s de Mercadopago Dinero en cuenta de Mercadopago","og_url":"https:\/\/cortinados.com.ar\/index.php\/formas-de-pago\/","og_site_name":"Cortinados.Com","article_publisher":"https:\/\/www.facebook.com\/cortinadoscomonce","article_modified_time":"2024-03-02T14:41:29+00:00","og_image":[{"width":600,"height":200,"url":"https:\/\/cortinados.com.ar\/wp-content\/uploads\/2024\/02\/banerinfo2.png","type":"image\/png"}],"twitter_card":"summary_large_image","twitter_misc":{"Tiempo de lectura":"2 minutos"},"schema":{"@context":"https:\/\/schema.org","@graph":[{"@type":"WebPage","@id":"https:\/\/cortinados.com.ar\/index.php\/formas-de-pago\/","url":"https:\/\/cortinados.com.ar\/index.php\/formas-de-pago\/","name":"Formas de pago - Cortinados.Com","isPartOf":{"@id":"https:\/\/cortinados.com.ar\/#website"},"primaryImageOfPage":{"@id":"https:\/\/cortinados.com.ar\/index.php\/formas-de-pago\/#primaryimage"},"image":{"@id":"https:\/\/cortinados.com.ar\/index.php\/formas-de-pago\/#primaryimage"},"thumbnailUrl":"https:\/\/cortinados.com.ar\/wp-content\/uploads\/2024\/02\/banerinfo2.png","datePublished":"2024-02-15T13:05:46+00:00","dateModified":"2024-03-02T14:41:29+00:00","breadcrumb":{"@id":"https:\/\/cortinados.com.ar\/index.php\/formas-de-pago\/#breadcrumb"},"inLanguage":"es","potentialAction":[{"@type":"ReadAction","target":["https:\/\/cortinados.com.ar\/index.php\/formas-de-pago\/"]}]},{"@type":"ImageObject","inLanguage":"es","@id":"https:\/\/cortinados.com.ar\/index.php\/formas-de-pago\/#primaryimage","url":"https:\/\/cortinados.com.ar\/wp-content\/uploads\/2024\/02\/banerinfo2.png","contentUrl":"https:\/\/cortinados.com.ar\/wp-content\/uploads\/2024\/02\/banerinfo2.png","width":600,"height":200},{"@type":"BreadcrumbList","@id":"https:\/\/cortinados.com.ar\/index.php\/formas-de-pago\/#breadcrumb","itemListElement":[{"@type":"ListItem","position":1,"name":"Portada","item":"https:\/\/cortinados.com.ar\/"},{"@type":"ListItem","position":2,"name":"Formas de pago"}]},{"@type":"WebSite","@id":"https:\/\/cortinados.com.ar\/#website","url":"https:\/\/cortinados.com.ar\/","name":"Cortinados.Com","description":"+30 a\u00f1os de experiencia","publisher":{"@id":"https:\/\/cortinados.com.ar\/#organization"},"potentialAction":[{"@type":"SearchAction","target":{"@type":"EntryPoint","urlTemplate":"https:\/\/cortinados.com.ar\/?s={search_term_string}"},"query-input":{"@type":"PropertyValueSpecification","valueRequired":true,"valueName":"search_term_string"}}],"inLanguage":"es"},{"@type":"Organization","@id":"https:\/\/cortinados.com.ar\/#organization","name":"Cortinados.Com","url":"https:\/\/cortinados.com.ar\/","logo":{"@type":"ImageObject","inLanguage":"es","@id":"https:\/\/cortinados.com.ar\/#\/schema\/logo\/image\/","url":"https:\/\/cortinados.com.ar\/wp-content\/uploads\/2024\/01\/cropped-faviconredondo.png","contentUrl":"https:\/\/cortinados.com.ar\/wp-content\/uploads\/2024\/01\/cropped-faviconredondo.png","width":512,"height":512,"caption":"Cortinados.Com"},"image":{"@id":"https:\/\/cortinados.com.ar\/#\/schema\/logo\/image\/"},"sameAs":["https:\/\/www.facebook.com\/cortinadoscomonce","https:\/\/www.instagram.com\/cortinados.comonce"]}]}},"_links":{"self":[{"href":"https:\/\/cortinados.com.ar\/index.php\/wp-json\/wp\/v2\/pages\/9389","targetHints":{"allow":["GET"]}}],"collection":[{"href":"https:\/\/cortinados.com.ar\/index.php\/wp-json\/wp\/v2\/pages"}],"about":[{"href":"https:\/\/cortinados.com.ar\/index.php\/wp-json\/wp\/v2\/types\/page"}],"author":[{"embeddable":true,"href":"https:\/\/cortinados.com.ar\/index.php\/wp-json\/wp\/v2\/users\/1"}],"replies":[{"embeddable":true,"href":"https:\/\/cortinados.com.ar\/index.php\/wp-json\/wp\/v2\/comments?post=9389"}],"version-history":[{"count":1,"href":"https:\/\/cortinados.com.ar\/index.php\/wp-json\/wp\/v2\/pages\/9389\/revisions"}],"predecessor-version":[{"id":10541,"href":"https:\/\/cortinados.com.ar\/index.php\/wp-json\/wp\/v2\/pages\/9389\/revisions\/10541"}],"wp:featuredmedia":[{"embeddable":true,"href":"https:\/\/cortinados.com.ar\/index.php\/wp-json\/wp\/v2\/media\/8284"}],"wp:attachment":[{"href":"https:\/\/cortinados.com.ar\/index.php\/wp-json\/wp\/v2\/media?parent=9389"}],"curies":[{"name":"wp","href":"https:\/\/api.w.org\/{rel}","templated":true}]}}