{"id":7913,"date":"2024-01-27T13:04:05","date_gmt":"2024-01-27T16:04:05","guid":{"rendered":"https:\/\/cortinados.com.ar\/?page_id=7913"},"modified":"2024-03-09T22:44:57","modified_gmt":"2024-03-10T01:44:57","slug":"terminos-condiciones","status":"publish","type":"page","link":"https:\/\/cortinados.com.ar\/index.php\/terminos-condiciones\/","title":{"rendered":"T\u00e9rminos &#038; Condiciones"},"content":{"rendered":"\n<p>Esta Web pertenece a la Empresa&nbsp;<strong>CORTINADOS ONCE<\/strong>&nbsp;(en adelante LA EMPRESA) y su acceso y utilizaci\u00f3n est\u00e1 sujeta a la aceptaci\u00f3n y cumplimiento de los t\u00e9rminos y condiciones que se exponen a continuaci\u00f3n:<\/p>\n\n\n\n<h2 class=\"wp-block-heading has-black-color has-text-color has-link-color wp-elements-f590594e6c5f6cdae41671c72083a8d8\">Pol\u00edticas de Cambios y Devoluciones<\/h2>\n\n\n\n<p><strong>\u00bfRealizan cambios o devoluciones?<\/strong><\/p>\n\n\n\n<p>Los cortes no tienen devoluci\u00f3n o cambio. Cada pedido y corte se realiza de forma personalizada para cada cliente. Una vez realizado, se revisa, se gestiona el pedido y es enviado o se notifica su retiro.<\/p>\n\n\n\n<p>Tenemos a disposici\u00f3n un canal de consultas online para resolver todas tus dudas y consultas previas a tu compra.<\/p>\n\n\n\n<p><strong>\u00bfQu\u00e9 pasa si me llega un tejido diferente al pedido o un corte con alguna falla?<\/strong><\/p>\n\n\n\n<p>Solo en los casos en donde el pedido recibido sea distinto al adquirido, o el tejido\/tela este fallado, o con alg\u00fan problema espec\u00edfico a verificar, podremos rever su cambio o devoluci\u00f3n.<\/p>\n\n\n\n<p><strong>Solo se tomar\u00e1n reclamos bajo las siguientes condiciones:<\/strong><\/p>\n\n\n\n<p>El corte debe encontrarse en las mismas condiciones en las que fue entregado. Sin lavados, cortes, confecci\u00f3n, te\u00f1idos, o cualquier otra intervenci\u00f3n. De lo contrario, no ser\u00e1 tenido en cuenta.<\/p>\n\n\n\n<p>Tenes hasta diez (10) d\u00edas h\u00e1biles para efectuar tu reclamo a la siguiente direcci\u00f3n de email: ventas@cortinados.com.ar<\/p>\n\n\n\n<p>Por favor, no olvides enviarnos todos los datos de tu orden junto con fotos de tu producto y los motivos del cambio\/devoluci\u00f3n.<\/p>\n\n\n\n<p><strong>Ten\u00e9 en cuenta lo siguiente:<\/strong><\/p>\n\n\n\n<p>No realizamos cambios o devoluciones por diferencias de color entre la imagen y el producto real. Esto puede deberse al dispositivo utilizado, calibraci\u00f3n de la pantalla o simplemente por una m\u00ednima variaci\u00f3n de color entre las diferentes partidas del mismo tejido que se da entre los ba\u00f1os de tintorer\u00eda.<\/p>\n\n\n\n<h2 class=\"wp-block-heading has-black-color has-text-color has-link-color wp-elements-c46146a66c6b71f008bab467e5102af0\"><strong>T\u00e9rminos y Condiciones<\/strong> <strong>Generales<\/strong><\/h2>\n\n\n\n<h2 class=\"wp-block-heading has-black-color has-text-color has-link-color wp-elements-64911e01f48a48c49fa30b36be4f6616\">1. RESPONSABILIDAD<\/h2>\n\n\n\n<p>LA EMPRESA se reserva el derecho de modificar en forma unilateral, sin mediar previo aviso, ni comunicaci\u00f3n al USUARIO y\/o VISITANTE, estos T\u00e9rminos y Condiciones, el dise\u00f1o, la presentaci\u00f3n o su configuraci\u00f3n, los servicios ofrecidos, los requisitos de registro o de utilizaci\u00f3n de la p\u00e1gina, sin que ello genere derecho a reclamo o indemnizaci\u00f3n alguna en favor del USUARIO y\/o VISITANTE.<\/p>\n\n\n\n<p>La utilizaci\u00f3n de los servicios y\/o herramientas digitales, existentes en la p\u00e1gina, requerir\u00e1n del USUARIO y\/o VISITANTE la aceptaci\u00f3n de t\u00e9rminos y condiciones que completan las previsiones contenidas en la presente en cuanto no se opongan a ellas.<\/p>\n\n\n\n<p>LA EMPRESA no se responsabilizar\u00e1 por la existencia, actualizaci\u00f3n, veracidad, privacidad, funcionamiento, modificaciones, contenidos, ofertas y legalidad de los sitios de terceros vinculados a trav\u00e9s del presente sitio web. LA EMPRESA no ser\u00e1 responsable por las transacciones efectuadas entre el USUARIO y\/o VISITANTE y los sitios con v\u00ednculos de la p\u00e1gina.<\/p>\n\n\n\n<p>El USUARIO y\/o VISITANTE no podr\u00e1, remover, eliminar, aumentar, a\u00f1adir, ni de cualquier otra forma modificar total o parcialmente el Contenido. Tampoco&nbsp; podr\u00e1 volcar t\u00e9rminos o utilizar expresiones injuriosas, intimidatorias, calumniantes o contrarias a las buenas costumbres. No podr\u00e1 transmitir informaci\u00f3n o material que pueda, concreta o eventualmente, violar derechos de un tercero o que contenga virus o cualquier otro componente da\u00f1ino.<\/p>\n\n\n\n<p>LA EMPRESA se reserva el derecho de extraer y editar en su totalidad o de manera fraccionada, cualquier mensaje o material suscripto o remitido por el USUARIO y\/o VISITANTE. As\u00ed mismo, el USUARIO y\/o VISITANTE garantiza a LA EMPRESA el permiso para la utilizaci\u00f3n de cualquier informaci\u00f3n, sugerencia, idea, dibujo o concepto vertido, con el prop\u00f3sito que LA EMPRESA la utilice para la obtenci\u00f3n de informaci\u00f3n estad\u00edstica que permita mejorar el servicio, sin ning\u00fan derecho de compensaci\u00f3n en favor del USUARIO y\/o VISITANTE.<\/p>\n\n\n\n<p>El USUARIO y\/o VISITANTE se obliga a usar el Sitio de conformidad con estos T\u00e9rminos y Condiciones, en forma diligente, correcta y l\u00edcita, y conforme con la moral y las buenas costumbres. El USUARIO y\/o VISITANTE responder\u00e1 por los da\u00f1os y perjuicios de toda naturaleza que LA EMPRESA pueda sufrir, directa o indirectamente, como consecuencia del incumplimiento de cualquiera de las obligaciones derivadas de estos T\u00e9rminos y Condiciones.<\/p>\n\n\n\n<p>LA EMPRESA podr\u00e1 suspender transitoriamente o finalizar la publicaci\u00f3n de la p\u00e1gina sin aviso previo y en cualquier momento, sin que ello genere derecho a indemnizaci\u00f3n alguna en favor del USUARIO y\/o VISITANTE.<\/p>\n\n\n\n<p>El USUARIO y\/o VISITANTE reconoce y acepta que el uso de esta p\u00e1gina es bajo su propio y exclusivo riesgo.<\/p>\n\n\n\n<p>El USUARIO y\/o VISITANTE reconoce y acepta que ni LA EMPRESA, ni los directores, empleados o representantes de cualquiera de ellos, es responsable por da\u00f1os que surjan de o resulten del uso de esta p\u00e1gina, incluyendo cualquier error, omisi\u00f3n, interrupci\u00f3n, falla, eliminaci\u00f3n de archivos o correos electr\u00f3nicos (e-mails), defectos, virus, y\/o demoras en la operaci\u00f3n o transmisi\u00f3n y\/o de cualquier otro tipo.<\/p>\n\n\n\n<p>La p\u00e1gina puede ser utilizada por el USUARIO y\/o VISITANTE en forma totalmente libre y gratuita.<\/p>\n\n\n\n<h2 class=\"wp-block-heading has-black-color has-text-color has-link-color wp-elements-590951fd6c55f751854eccf160630078\">2. SITIOS ENLAZADOS<\/h2>\n\n\n\n<p>A trav\u00e9s de la presente p\u00e1gina se pone a su disposici\u00f3n dispositivos t\u00e9cnicos de enlace (tales como, entre otros, links, banners, botones), directorios y herramientas de b\u00fasqueda que les permiten acceder a p\u00e1ginas web pertenecientes a terceros (en adelante los \u201cSITIOS ENLAZADOS\u201d). La instalaci\u00f3n de estos enlaces en las p\u00e1ginas de LA EMPRESA se limita a facilitar a los USUARIO y\/o VISITANTE, la b\u00fasqueda y acceso, a la informaci\u00f3n disponible de los sitios enlazados en Internet, y no presupone que existe ninguna clase de v\u00ednculo o asociaci\u00f3n entre LA EMPRESA, sus subsidiarias o afiliadas y los operadores de los sitios enlazados. LA EMPRESA no controla, ni hacen propios los servicios, informaci\u00f3n, datos, archivos, productos y cualquier clase de material existente en los sitios enlazados. Por lo tanto, el USUARIO y\/o VISITANTE, debe extremar la prudencia en la valoraci\u00f3n y utilizaci\u00f3n de los servicios, informaci\u00f3n, datos, archivos, productos y cualquier clase de material existente en los sitios enlazados.<\/p>\n\n\n\n<p>LA EMPRESA no garantiza ni asume responsabilidad alguna por los da\u00f1os y perjuicios que de cualquier naturaleza pueda causarse por:<\/p>\n\n\n\n<p>a) El funcionamiento, disponibilidad, accesibilidad o continuidad de sitios enlazados.<\/p>\n\n\n\n<p>b) El mantenimiento de los servicios, informaci\u00f3n, datos, archivos, productos y cualquier clase de material existente en los sitios enlazados.<\/p>\n\n\n\n<p>c) Las obligaciones y ofertas existentes en los sitios enlazados.<\/p>\n\n\n\n<h2 class=\"wp-block-heading has-black-color has-text-color has-link-color wp-elements-937cacf82f08e01b713deb5cbdfb12ef\">2.1. CALIDAD<\/h2>\n\n\n\n<p>Mediante el uso de esta p\u00e1gina, el USUARIO y\/o VISITANTE reconoce y acepta que LA EMPRESA no controla ni garantiza la ausencia de virus en el contenido de los sitios enlazados, ni la ausencia de otros&nbsp; elementos que pudieran producir alteraciones en sus sistemas inform\u00e1ticos o en los documentos electr\u00f3nicos y archivos almacenados en los archivos inform\u00e1ticos del USUARIO.<\/p>\n\n\n\n<h2 class=\"wp-block-heading has-black-color has-text-color has-link-color wp-elements-1947fc652df08c0e7d6b9543b56cae2a\">2.2. PROPIEDAD INTELECTUAL<\/h2>\n\n\n\n<p>Mediante el uso de esta p\u00e1gina, el USUARIO y\/o VISITANTE reconoce y acepta que LA EMPRESA queda excluida de cualquier responsabilidad que pudiera ser causada por el uso no autorizado de las marcas u otros derechos de propiedad intelectual de terceros o contenidos en los sitios enlazados.<\/p>\n\n\n\n<p>De igual manera, las eventuales referencias que se hagan en esta p\u00e1gina a cualquier producto, servicio, proceso, sitio enlazado, hipertexto o cualquier otra informaci\u00f3n en la que se utilicen marcas, signos distintivos o dominios, el nombre comercial o el nombre del fabricante, suministrador, etc., que sean titularidad de terceros, en ning\u00fan momento constituir\u00e1n, ni implicar\u00e1n respaldo o recomendaci\u00f3n alguna por parte de LA EMPRESA. Y en ning\u00fan caso, LA EMPRESA se asignar\u00e1 propiedad ni responsabilidad sobre los mismos.<\/p>\n\n\n\n<h2 class=\"wp-block-heading has-black-color has-text-color has-link-color wp-elements-06abf532529b1504f4868582dd19b077\">3. POL\u00cdTICA DE PRIVACIDAD<\/h2>\n\n\n\n<p>La utilizaci\u00f3n e ingreso a la presente p\u00e1gina web de LA EMPRESA, ser\u00e1 considerado como aceptaci\u00f3n de los t\u00e9rminos de esta Pol\u00edtica de Privacidad por parte del USUARIO y\/o VISITANTE.<\/p>\n\n\n\n<p>Los datos personales que el USUARIO y\/o VISITANTE brinde libre y voluntariamente a LA EMPRESA, tales como nombres, correo electr\u00f3nico, DNI, tel\u00e9fono y\/o n\u00famero de legajo, y\/o cualquier otro que voluntariamente suministre a LA EMPRESA cuando ello sea necesario para brindarle un servicio espec\u00edfico, son incluidos en archivos automatizados, procesados bajo normas de estricta confidencialidad y protecci\u00f3n de datos.<\/p>\n\n\n\n<p>El USUARIO y\/o VISITANTE podr\u00e1 brindar informaci\u00f3n con respecto a sus gustos, evaluaciones y preferencias. LA EMPRESA utilizar\u00e1 dicha informaci\u00f3n para elaborar publicidad y\/o perfeccionar el servicio brindado.<\/p>\n\n\n\n<p>No obstante lo anterior y en cumplimiento con las leyes aplicables, LA EMPRESA coopera con las autoridades gubernamentales nacionales, provinciales y municipales, e internacionales en cualquier investigaci\u00f3n en relaci\u00f3n con el contenido, ya sean personales o privadas, transmitidas a LA EMPRESA a trav\u00e9s de este Sitio.<\/p>\n\n\n\n<h2 class=\"wp-block-heading has-black-color has-text-color has-link-color wp-elements-1f7d61f42e6e1f152161ea56d0c1e6d9\">4. TERMINACI\u00d3N DEL ACCESO<\/h2>\n\n\n\n<p>LA EMPRESA podr\u00e1, en cualquier momento, terminar o suspender el acceso que el USUARIO y\/o VISITANTE tenga a todo o parte de este sitio, sin aviso previo, y sin que ello genere derecho a reclamo o indemnizaci\u00f3n alguna. Ni la terminaci\u00f3n o suspensi\u00f3n del acceso, ni cualquier acci\u00f3n o inacci\u00f3n del USUARIO y\/o VISITANTE, terminar\u00e1 las disposiciones de estos T\u00e9rminos y Condiciones, los que permanecer\u00e1n en plena fuerza y vigor de forma indefinida, sujetas s\u00f3lo a cualquier cambio que LA EMPRESA efect\u00fae.<\/p>\n\n\n\n<h2 class=\"wp-block-heading has-black-color has-text-color has-link-color wp-elements-423f6e23ccd5166bfe87601e77995872\">5. VIOLACIONES DEL SISTEMA O BASES DE DATOS<\/h2>\n\n\n\n<p>Es il\u00edcita cualquier acci\u00f3n o uso de dispositivos, software, u otros instrumentos tendientes a interferir tanto en las actividades y operatoria de LA EMPRESA, as\u00ed como en las ofertas, descripciones, cuentas o bases de datos de LA EMPRESA. Cualquier intromisi\u00f3n, tentativa o actividad violatoria o contraria a las leyes sobre derechos de propiedad intelectual, seguridad de los sistemas, y\/o a las prohibiciones estipuladas en este documento har\u00e1n pasible a su responsable de las acciones legales pertinentes, y a las sanciones previstas por este acuerdo.<\/p>\n\n\n\n<h2 class=\"wp-block-heading has-black-color has-text-color has-link-color wp-elements-ba42b226541c8643c19f51c4623b2f41\">6. JURISDICCI\u00d3N<\/h2>\n\n\n\n<p>Estos T\u00e9rminos y Condiciones se regir\u00e1n e interpretar\u00e1n de acuerdo con las leyes de la Rep\u00fablica Argentina. EL USUARIO y\/o VISITANTE conviene en que cualquier acci\u00f3n o procedimiento legal entre LA EMPRESA y ellos, por cualquier prop\u00f3sito respecto a estos T\u00e9rminos y Condiciones, se entablar\u00e1n exclusivamente en los Tribunales Ordinarios y Civiles de la Ciudad de Buenos Aires.<\/p>\n\n\n\n<p>Mediante el presente Ud. deja constancia que ha sido debidamente informado respecto de la finalidad para la cual han sido recabados sus datos personales y qui\u00e9nes pueden ser sus destinatarios, como as\u00ed tambi\u00e9n el derecho que le asiste a tener acceso a los mismos, como as\u00ed a peticionar su rectificaci\u00f3n y\/o supresi\u00f3n, todo ello conforme a lo normado en la Ley Nacional de la Rep\u00fablica Argentina N\u00b0 25326 (Protecci\u00f3n de Datos Personales) y su Decreto Reglamentario N\u00b0 1558\/01.-<\/p>\n\n\n\n<p><strong><em>Enero, 2024.<\/em><\/strong><\/p>\n","protected":false},"excerpt":{"rendered":"<p>Esta Web pertenece a la Empresa&nbsp;CORTINADOS ONCE&nbsp;(en adelante LA EMPRESA) y su acceso y utilizaci\u00f3n est\u00e1 sujeta a la aceptaci\u00f3n y cumplimiento de los t\u00e9rminos y condiciones que se exponen a continuaci\u00f3n: Pol\u00edticas de Cambios y Devoluciones \u00bfRealizan cambios o devoluciones? Los cortes no tienen devoluci\u00f3n o cambio. Cada pedido y corte se realiza de [&hellip;]<\/p>\n","protected":false},"author":1,"featured_media":0,"parent":0,"menu_order":0,"comment_status":"closed","ping_status":"closed","template":"","meta":{"footnotes":""},"class_list":["post-7913","page","type-page","status-publish","hentry"],"yoast_head":"<!-- This site is optimized with the Yoast SEO plugin v27.4 - https:\/\/yoast.com\/product\/yoast-seo-wordpress\/ -->\n<title>T\u00e9rminos &amp; Condiciones - Cortinados.Com<\/title>\n<meta name=\"description\" content=\"Estamos en Azcu\u00e9naga 453 Bs.As, Arg. +5411 4953-1463 \/ +5411 5248-0630\" \/>\n<meta name=\"robots\" content=\"index, follow, max-snippet:-1, max-image-preview:large, max-video-preview:-1\" \/>\n<link rel=\"canonical\" href=\"https:\/\/cortinados.com.ar\/index.php\/terminos-condiciones\/\" \/>\n<meta property=\"og:locale\" content=\"es_ES\" \/>\n<meta property=\"og:type\" content=\"article\" \/>\n<meta property=\"og:title\" content=\"T\u00e9rminos &amp; Condiciones - Cortinados.Com\" \/>\n<meta property=\"og:description\" content=\"Estamos en Azcu\u00e9naga 453 Bs.As, Arg. +5411 4953-1463 \/ +5411 5248-0630\" \/>\n<meta property=\"og:url\" content=\"https:\/\/cortinados.com.ar\/index.php\/terminos-condiciones\/\" \/>\n<meta property=\"og:site_name\" content=\"Cortinados.Com\" \/>\n<meta property=\"article:publisher\" content=\"https:\/\/www.facebook.com\/cortinadoscomonce\" \/>\n<meta property=\"article:modified_time\" content=\"2024-03-10T01:44:57+00:00\" \/>\n<meta property=\"og:image\" content=\"https:\/\/cortinados.com.ar\/wp-content\/uploads\/2024\/01\/cropped-faviconredondo.png\" \/>\n\t<meta property=\"og:image:width\" content=\"512\" \/>\n\t<meta property=\"og:image:height\" content=\"512\" \/>\n\t<meta property=\"og:image:type\" content=\"image\/png\" \/>\n<meta name=\"twitter:card\" content=\"summary_large_image\" \/>\n<meta name=\"twitter:label1\" content=\"Tiempo de lectura\" \/>\n\t<meta name=\"twitter:data1\" content=\"8 minutos\" \/>\n<script type=\"application\/ld+json\" class=\"yoast-schema-graph\">{\"@context\":\"https:\\\/\\\/schema.org\",\"@graph\":[{\"@type\":\"WebPage\",\"@id\":\"https:\\\/\\\/cortinados.com.ar\\\/index.php\\\/terminos-condiciones\\\/\",\"url\":\"https:\\\/\\\/cortinados.com.ar\\\/index.php\\\/terminos-condiciones\\\/\",\"name\":\"T\u00e9rminos & Condiciones - Cortinados.Com\",\"isPartOf\":{\"@id\":\"https:\\\/\\\/cortinados.com.ar\\\/#website\"},\"datePublished\":\"2024-01-27T16:04:05+00:00\",\"dateModified\":\"2024-03-10T01:44:57+00:00\",\"description\":\"Estamos en Azcu\u00e9naga 453 Bs.As, Arg. +5411 4953-1463 \\\/ +5411 5248-0630\",\"breadcrumb\":{\"@id\":\"https:\\\/\\\/cortinados.com.ar\\\/index.php\\\/terminos-condiciones\\\/#breadcrumb\"},\"inLanguage\":\"es\",\"potentialAction\":[{\"@type\":\"ReadAction\",\"target\":[\"https:\\\/\\\/cortinados.com.ar\\\/index.php\\\/terminos-condiciones\\\/\"]}]},{\"@type\":\"BreadcrumbList\",\"@id\":\"https:\\\/\\\/cortinados.com.ar\\\/index.php\\\/terminos-condiciones\\\/#breadcrumb\",\"itemListElement\":[{\"@type\":\"ListItem\",\"position\":1,\"name\":\"Portada\",\"item\":\"https:\\\/\\\/cortinados.com.ar\\\/\"},{\"@type\":\"ListItem\",\"position\":2,\"name\":\"T\u00e9rminos &#038; Condiciones\"}]},{\"@type\":\"WebSite\",\"@id\":\"https:\\\/\\\/cortinados.com.ar\\\/#website\",\"url\":\"https:\\\/\\\/cortinados.com.ar\\\/\",\"name\":\"Cortinados.Com\",\"description\":\"+30 a\u00f1os de experiencia\",\"publisher\":{\"@id\":\"https:\\\/\\\/cortinados.com.ar\\\/#organization\"},\"potentialAction\":[{\"@type\":\"SearchAction\",\"target\":{\"@type\":\"EntryPoint\",\"urlTemplate\":\"https:\\\/\\\/cortinados.com.ar\\\/?s={search_term_string}\"},\"query-input\":{\"@type\":\"PropertyValueSpecification\",\"valueRequired\":true,\"valueName\":\"search_term_string\"}}],\"inLanguage\":\"es\"},{\"@type\":\"Organization\",\"@id\":\"https:\\\/\\\/cortinados.com.ar\\\/#organization\",\"name\":\"Cortinados.Com\",\"url\":\"https:\\\/\\\/cortinados.com.ar\\\/\",\"logo\":{\"@type\":\"ImageObject\",\"inLanguage\":\"es\",\"@id\":\"https:\\\/\\\/cortinados.com.ar\\\/#\\\/schema\\\/logo\\\/image\\\/\",\"url\":\"https:\\\/\\\/cortinados.com.ar\\\/wp-content\\\/uploads\\\/2024\\\/01\\\/cropped-faviconredondo.png\",\"contentUrl\":\"https:\\\/\\\/cortinados.com.ar\\\/wp-content\\\/uploads\\\/2024\\\/01\\\/cropped-faviconredondo.png\",\"width\":512,\"height\":512,\"caption\":\"Cortinados.Com\"},\"image\":{\"@id\":\"https:\\\/\\\/cortinados.com.ar\\\/#\\\/schema\\\/logo\\\/image\\\/\"},\"sameAs\":[\"https:\\\/\\\/www.facebook.com\\\/cortinadoscomonce\",\"https:\\\/\\\/www.instagram.com\\\/cortinados.comonce\"]}]}<\/script>\n<!-- \/ Yoast SEO plugin. -->","yoast_head_json":{"title":"T\u00e9rminos & Condiciones - Cortinados.Com","description":"Estamos en Azcu\u00e9naga 453 Bs.As, Arg. +5411 4953-1463 \/ +5411 5248-0630","robots":{"index":"index","follow":"follow","max-snippet":"max-snippet:-1","max-image-preview":"max-image-preview:large","max-video-preview":"max-video-preview:-1"},"canonical":"https:\/\/cortinados.com.ar\/index.php\/terminos-condiciones\/","og_locale":"es_ES","og_type":"article","og_title":"T\u00e9rminos & Condiciones - Cortinados.Com","og_description":"Estamos en Azcu\u00e9naga 453 Bs.As, Arg. +5411 4953-1463 \/ +5411 5248-0630","og_url":"https:\/\/cortinados.com.ar\/index.php\/terminos-condiciones\/","og_site_name":"Cortinados.Com","article_publisher":"https:\/\/www.facebook.com\/cortinadoscomonce","article_modified_time":"2024-03-10T01:44:57+00:00","og_image":[{"width":512,"height":512,"url":"https:\/\/cortinados.com.ar\/wp-content\/uploads\/2024\/01\/cropped-faviconredondo.png","type":"image\/png"}],"twitter_card":"summary_large_image","twitter_misc":{"Tiempo de lectura":"8 minutos"},"schema":{"@context":"https:\/\/schema.org","@graph":[{"@type":"WebPage","@id":"https:\/\/cortinados.com.ar\/index.php\/terminos-condiciones\/","url":"https:\/\/cortinados.com.ar\/index.php\/terminos-condiciones\/","name":"T\u00e9rminos & Condiciones - Cortinados.Com","isPartOf":{"@id":"https:\/\/cortinados.com.ar\/#website"},"datePublished":"2024-01-27T16:04:05+00:00","dateModified":"2024-03-10T01:44:57+00:00","description":"Estamos en Azcu\u00e9naga 453 Bs.As, Arg. +5411 4953-1463 \/ +5411 5248-0630","breadcrumb":{"@id":"https:\/\/cortinados.com.ar\/index.php\/terminos-condiciones\/#breadcrumb"},"inLanguage":"es","potentialAction":[{"@type":"ReadAction","target":["https:\/\/cortinados.com.ar\/index.php\/terminos-condiciones\/"]}]},{"@type":"BreadcrumbList","@id":"https:\/\/cortinados.com.ar\/index.php\/terminos-condiciones\/#breadcrumb","itemListElement":[{"@type":"ListItem","position":1,"name":"Portada","item":"https:\/\/cortinados.com.ar\/"},{"@type":"ListItem","position":2,"name":"T\u00e9rminos &#038; Condiciones"}]},{"@type":"WebSite","@id":"https:\/\/cortinados.com.ar\/#website","url":"https:\/\/cortinados.com.ar\/","name":"Cortinados.Com","description":"+30 a\u00f1os de experiencia","publisher":{"@id":"https:\/\/cortinados.com.ar\/#organization"},"potentialAction":[{"@type":"SearchAction","target":{"@type":"EntryPoint","urlTemplate":"https:\/\/cortinados.com.ar\/?s={search_term_string}"},"query-input":{"@type":"PropertyValueSpecification","valueRequired":true,"valueName":"search_term_string"}}],"inLanguage":"es"},{"@type":"Organization","@id":"https:\/\/cortinados.com.ar\/#organization","name":"Cortinados.Com","url":"https:\/\/cortinados.com.ar\/","logo":{"@type":"ImageObject","inLanguage":"es","@id":"https:\/\/cortinados.com.ar\/#\/schema\/logo\/image\/","url":"https:\/\/cortinados.com.ar\/wp-content\/uploads\/2024\/01\/cropped-faviconredondo.png","contentUrl":"https:\/\/cortinados.com.ar\/wp-content\/uploads\/2024\/01\/cropped-faviconredondo.png","width":512,"height":512,"caption":"Cortinados.Com"},"image":{"@id":"https:\/\/cortinados.com.ar\/#\/schema\/logo\/image\/"},"sameAs":["https:\/\/www.facebook.com\/cortinadoscomonce","https:\/\/www.instagram.com\/cortinados.comonce"]}]}},"_links":{"self":[{"href":"https:\/\/cortinados.com.ar\/index.php\/wp-json\/wp\/v2\/pages\/7913","targetHints":{"allow":["GET"]}}],"collection":[{"href":"https:\/\/cortinados.com.ar\/index.php\/wp-json\/wp\/v2\/pages"}],"about":[{"href":"https:\/\/cortinados.com.ar\/index.php\/wp-json\/wp\/v2\/types\/page"}],"author":[{"embeddable":true,"href":"https:\/\/cortinados.com.ar\/index.php\/wp-json\/wp\/v2\/users\/1"}],"replies":[{"embeddable":true,"href":"https:\/\/cortinados.com.ar\/index.php\/wp-json\/wp\/v2\/comments?post=7913"}],"version-history":[{"count":1,"href":"https:\/\/cortinados.com.ar\/index.php\/wp-json\/wp\/v2\/pages\/7913\/revisions"}],"predecessor-version":[{"id":10600,"href":"https:\/\/cortinados.com.ar\/index.php\/wp-json\/wp\/v2\/pages\/7913\/revisions\/10600"}],"wp:attachment":[{"href":"https:\/\/cortinados.com.ar\/index.php\/wp-json\/wp\/v2\/media?parent=7913"}],"curies":[{"name":"wp","href":"https:\/\/api.w.org\/{rel}","templated":true}]}}