{"id":1613,"date":"2015-02-03T14:49:09","date_gmt":"2015-02-03T14:49:09","guid":{"rendered":"https:\/\/cortinados.com.ar\/?page_id=1613"},"modified":"2024-02-19T22:03:33","modified_gmt":"2024-02-20T01:03:33","slug":"contact-us","status":"publish","type":"page","link":"https:\/\/cortinados.com.ar\/index.php\/contact-us\/","title":{"rendered":"Contacto"},"content":{"rendered":"<div class=\"wpb-content-wrapper\"><p>[vc_row full_width=\u00bbstretch_row_content_no_spaces\u00bb layout=\u00bbts-row-boxed\u00bb enable_parallax=\u00bb\u00bb el_class=\u00bbmap-contact\u00bb][vc_column]\t\t\t<div class=\"google-map-embed\">\n\t\t\t\t<iframe frameborder=\"0\" scrolling=\"no\" marginheight=\"0\" marginwidth=\"0\"\n\t\t\t\t\t\tsrc=\"https:\/\/maps.google.com\/maps?q=Buenos%20Aires%2C%20Argentina%2C%20Azcu%C3%A9naga%20453&#038;t=m&#038;z=15&#038;output=embed&#038;iwloc=near\"\n\t\t\t\t\t\theight=\"560\"\n\t\t\t\t\t\twidth=\"100%\"\n\t\t\t\t\t\ttitle=\"Buenos Aires, Argentina, Azcu\u00e9naga 453\"\n\t\t\t\t\t\taria-label=\"Buenos Aires, Argentina, Azcu\u00e9naga 453\"\n\t\t\t\t><\/iframe>\n\t\t\t<\/div>\n\t\t\t[\/vc_column][\/vc_row][vc_row css=\u00bb.vc_custom_1478007643581{padding-top: 26px !important;}\u00bb][vc_column][vc_column_text]<\/p>\n<h3 class=\"title-bottom-line\" style=\"font-weight: bold; color: #000000; text-align: center;\">ENTRA EN CONTACTO CON NOSOTROS<\/h3>\n<p style=\"text-align: center;\">Somos fabricantes de cortinas, cortinas roller, bandas verticales, romanas, pa\u00f1os orientales, cl\u00e1sicas.<\/p>\n<p style=\"text-align: center;\">Estamos en Azcu\u00e9naga 453 (1029) Buenos Aires, Argentina.<\/p>\n<p>[\/vc_column_text][vc_row_inner css=\u00bb.vc_custom_1478053234990{padding-top: 30px !important;}\u00bb][vc_column_inner width=\u00bb1\/4&#8243;][vc_column_text]<\/p>\n<div class=\"office-address primary-text\" style=\"text-align: center;\">LOCAL &amp; OFICINAS<\/div>\n<p style=\"text-align: center;\">Azcu\u00e9naga 453 (1029) Buenos Aires, Argentina<\/p>\n<div id=\"gtx-trans\" style=\"position: absolute; left: 400px; top: -17.0606px;\">\n<div class=\"gtx-trans-icon\"><\/div>\n<\/div>\n<p>[\/vc_column_text][\/vc_column_inner][vc_column_inner width=\u00bb1\/4&#8243;][vc_column_text]<\/p>\n<div class=\"phone-numbers primary-text\" style=\"text-align: center;\">TEL\u00c9FONOS<\/div>\n<p class=\"text-color-default\" style=\"text-align: center;\">(+54) 011 4953-1463<br \/>\n(+54) 911 &#8211; 5248-0630<\/p>\n<div id=\"gtx-trans\" style=\"position: absolute; left: 368px; top: 30.3636px;\">\n<div class=\"gtx-trans-icon\"><\/div>\n<\/div>\n<p>[\/vc_column_text][\/vc_column_inner][vc_column_inner width=\u00bb1\/4&#8243;][vc_column_text]<\/p>\n<div class=\"email-address primary-text\" style=\"text-align: center;\">CORREOS ELECTR\u00d3NICOS<\/div>\n<p style=\"text-align: center;\">ventas@cortinados.com.ar<br \/>\ncortinadoscom@yahoo.com.ar<\/p>\n<div id=\"gtx-trans\" style=\"position: absolute; left: 405px; top: -17.0606px;\">\n<div class=\"gtx-trans-icon\"><\/div>\n<\/div>\n<p>[\/vc_column_text][\/vc_column_inner][vc_column_inner width=\u00bb1\/4&#8243;][vc_column_text]<\/p>\n<p style=\"text-align: center;\">LINK CON UN ASESOR<\/p>\n<div id=\"gtx-trans\" style=\"position: absolute; left: 411px; top: 37.3636px;\">\n<div class=\"gtx-trans-icon\"><\/div>\n<\/div>\n<p>[\/vc_column_text][vc_btn title=\u00bbWhatsapp\u00bb style=\u00bbgradient\u00bb align=\u00bbcenter\u00bb i_icon_fontawesome=\u00bbfab fa-whatsapp\u00bb css_animation=\u00bbfadeIn\u00bb add_icon=\u00bbtrue\u00bb link=\u00bburl:https%3A%2F%2Fwa.me%2F5491152480630|target:_blank\u00bb][\/vc_column_inner][\/vc_row_inner][\/vc_column][\/vc_row]<\/p>\n<\/div>","protected":false},"excerpt":{"rendered":"<p>[vc_row full_width=\u00bbstretch_row_content_no_spaces\u00bb layout=\u00bbts-row-boxed\u00bb enable_parallax=\u00bb\u00bb el_class=\u00bbmap-contact\u00bb][vc_column][\/vc_column][\/vc_row][vc_row css=\u00bb.vc_custom_1478007643581{padding-top: 26px !important;}\u00bb][vc_column][vc_column_text] ENTRA EN CONTACTO CON NOSOTROS Somos fabricantes de cortinas, cortinas roller, bandas verticales, romanas, pa\u00f1os orientales, cl\u00e1sicas. Estamos en Azcu\u00e9naga 453 (1029) Buenos Aires, Argentina. [\/vc_column_text][vc_row_inner css=\u00bb.vc_custom_1478053234990{padding-top: 30px !important;}\u00bb][vc_column_inner width=\u00bb1\/4&#8243;][vc_column_text] LOCAL &amp; OFICINAS Azcu\u00e9naga 453 (1029) Buenos Aires, Argentina [\/vc_column_text][\/vc_column_inner][vc_column_inner width=\u00bb1\/4&#8243;][vc_column_text] TEL\u00c9FONOS (+54) 011 4953-1463 (+54) 911 [&hellip;]<\/p>\n","protected":false},"author":1,"featured_media":0,"parent":0,"menu_order":0,"comment_status":"closed","ping_status":"closed","template":"","meta":{"footnotes":""},"class_list":["post-1613","page","type-page","status-publish","hentry"],"yoast_head":"<!-- This site is optimized with the Yoast SEO plugin v27.4 - https:\/\/yoast.com\/product\/yoast-seo-wordpress\/ -->\n<title>Contacto - Cortinados.Com<\/title>\n<meta name=\"description\" content=\"Cortinados.Com - Fabricantes de cortinas, roller, bandas verticales, romanas, orientales, cl\u00e1sicas. Azcu\u00e9naga 453 Bs As. TE: 54911\u20135248-0630\" \/>\n<meta name=\"robots\" content=\"index, follow, max-snippet:-1, max-image-preview:large, max-video-preview:-1\" \/>\n<link rel=\"canonical\" href=\"https:\/\/cortinados.com.ar\/index.php\/contact-us\/\" \/>\n<meta property=\"og:locale\" content=\"es_ES\" \/>\n<meta property=\"og:type\" content=\"article\" \/>\n<meta property=\"og:title\" content=\"Contacto - Cortinados.Com\" \/>\n<meta property=\"og:description\" content=\"Cortinados.Com - Fabricantes de cortinas, roller, bandas verticales, romanas, orientales, cl\u00e1sicas. Azcu\u00e9naga 453 Bs As. TE: 54911\u20135248-0630\" \/>\n<meta property=\"og:url\" content=\"https:\/\/cortinados.com.ar\/index.php\/contact-us\/\" \/>\n<meta property=\"og:site_name\" content=\"Cortinados.Com\" \/>\n<meta property=\"article:publisher\" content=\"https:\/\/www.facebook.com\/cortinadoscomonce\" \/>\n<meta property=\"article:modified_time\" content=\"2024-02-20T01:03:33+00:00\" \/>\n<meta property=\"og:image\" content=\"https:\/\/cortinados.com.ar\/wp-content\/uploads\/2024\/01\/cropped-faviconredondo.png\" \/>\n\t<meta property=\"og:image:width\" content=\"512\" \/>\n\t<meta property=\"og:image:height\" content=\"512\" \/>\n\t<meta property=\"og:image:type\" content=\"image\/png\" \/>\n<meta name=\"twitter:card\" content=\"summary_large_image\" \/>\n<meta name=\"twitter:label1\" content=\"Tiempo de lectura\" \/>\n\t<meta name=\"twitter:data1\" content=\"1 minuto\" \/>\n<script type=\"application\/ld+json\" class=\"yoast-schema-graph\">{\"@context\":\"https:\\\/\\\/schema.org\",\"@graph\":[{\"@type\":\"WebPage\",\"@id\":\"https:\\\/\\\/cortinados.com.ar\\\/index.php\\\/contact-us\\\/\",\"url\":\"https:\\\/\\\/cortinados.com.ar\\\/index.php\\\/contact-us\\\/\",\"name\":\"Contacto - Cortinados.Com\",\"isPartOf\":{\"@id\":\"https:\\\/\\\/cortinados.com.ar\\\/#website\"},\"datePublished\":\"2015-02-03T14:49:09+00:00\",\"dateModified\":\"2024-02-20T01:03:33+00:00\",\"description\":\"Cortinados.Com - Fabricantes de cortinas, roller, bandas verticales, romanas, orientales, cl\u00e1sicas. Azcu\u00e9naga 453 Bs As. TE: 54911\u20135248-0630\",\"breadcrumb\":{\"@id\":\"https:\\\/\\\/cortinados.com.ar\\\/index.php\\\/contact-us\\\/#breadcrumb\"},\"inLanguage\":\"es\",\"potentialAction\":[{\"@type\":\"ReadAction\",\"target\":[\"https:\\\/\\\/cortinados.com.ar\\\/index.php\\\/contact-us\\\/\"]}]},{\"@type\":\"BreadcrumbList\",\"@id\":\"https:\\\/\\\/cortinados.com.ar\\\/index.php\\\/contact-us\\\/#breadcrumb\",\"itemListElement\":[{\"@type\":\"ListItem\",\"position\":1,\"name\":\"Portada\",\"item\":\"https:\\\/\\\/cortinados.com.ar\\\/\"},{\"@type\":\"ListItem\",\"position\":2,\"name\":\"Contacto\"}]},{\"@type\":\"WebSite\",\"@id\":\"https:\\\/\\\/cortinados.com.ar\\\/#website\",\"url\":\"https:\\\/\\\/cortinados.com.ar\\\/\",\"name\":\"Cortinados.Com\",\"description\":\"+30 a\u00f1os de experiencia\",\"publisher\":{\"@id\":\"https:\\\/\\\/cortinados.com.ar\\\/#organization\"},\"potentialAction\":[{\"@type\":\"SearchAction\",\"target\":{\"@type\":\"EntryPoint\",\"urlTemplate\":\"https:\\\/\\\/cortinados.com.ar\\\/?s={search_term_string}\"},\"query-input\":{\"@type\":\"PropertyValueSpecification\",\"valueRequired\":true,\"valueName\":\"search_term_string\"}}],\"inLanguage\":\"es\"},{\"@type\":\"Organization\",\"@id\":\"https:\\\/\\\/cortinados.com.ar\\\/#organization\",\"name\":\"Cortinados.Com\",\"url\":\"https:\\\/\\\/cortinados.com.ar\\\/\",\"logo\":{\"@type\":\"ImageObject\",\"inLanguage\":\"es\",\"@id\":\"https:\\\/\\\/cortinados.com.ar\\\/#\\\/schema\\\/logo\\\/image\\\/\",\"url\":\"https:\\\/\\\/cortinados.com.ar\\\/wp-content\\\/uploads\\\/2024\\\/01\\\/cropped-faviconredondo.png\",\"contentUrl\":\"https:\\\/\\\/cortinados.com.ar\\\/wp-content\\\/uploads\\\/2024\\\/01\\\/cropped-faviconredondo.png\",\"width\":512,\"height\":512,\"caption\":\"Cortinados.Com\"},\"image\":{\"@id\":\"https:\\\/\\\/cortinados.com.ar\\\/#\\\/schema\\\/logo\\\/image\\\/\"},\"sameAs\":[\"https:\\\/\\\/www.facebook.com\\\/cortinadoscomonce\",\"https:\\\/\\\/www.instagram.com\\\/cortinados.comonce\"]}]}<\/script>\n<!-- \/ Yoast SEO plugin. -->","yoast_head_json":{"title":"Contacto - Cortinados.Com","description":"Cortinados.Com - Fabricantes de cortinas, roller, bandas verticales, romanas, orientales, cl\u00e1sicas. Azcu\u00e9naga 453 Bs As. TE: 54911\u20135248-0630","robots":{"index":"index","follow":"follow","max-snippet":"max-snippet:-1","max-image-preview":"max-image-preview:large","max-video-preview":"max-video-preview:-1"},"canonical":"https:\/\/cortinados.com.ar\/index.php\/contact-us\/","og_locale":"es_ES","og_type":"article","og_title":"Contacto - Cortinados.Com","og_description":"Cortinados.Com - Fabricantes de cortinas, roller, bandas verticales, romanas, orientales, cl\u00e1sicas. Azcu\u00e9naga 453 Bs As. TE: 54911\u20135248-0630","og_url":"https:\/\/cortinados.com.ar\/index.php\/contact-us\/","og_site_name":"Cortinados.Com","article_publisher":"https:\/\/www.facebook.com\/cortinadoscomonce","article_modified_time":"2024-02-20T01:03:33+00:00","og_image":[{"width":512,"height":512,"url":"https:\/\/cortinados.com.ar\/wp-content\/uploads\/2024\/01\/cropped-faviconredondo.png","type":"image\/png"}],"twitter_card":"summary_large_image","twitter_misc":{"Tiempo de lectura":"1 minuto"},"schema":{"@context":"https:\/\/schema.org","@graph":[{"@type":"WebPage","@id":"https:\/\/cortinados.com.ar\/index.php\/contact-us\/","url":"https:\/\/cortinados.com.ar\/index.php\/contact-us\/","name":"Contacto - Cortinados.Com","isPartOf":{"@id":"https:\/\/cortinados.com.ar\/#website"},"datePublished":"2015-02-03T14:49:09+00:00","dateModified":"2024-02-20T01:03:33+00:00","description":"Cortinados.Com - Fabricantes de cortinas, roller, bandas verticales, romanas, orientales, cl\u00e1sicas. Azcu\u00e9naga 453 Bs As. TE: 54911\u20135248-0630","breadcrumb":{"@id":"https:\/\/cortinados.com.ar\/index.php\/contact-us\/#breadcrumb"},"inLanguage":"es","potentialAction":[{"@type":"ReadAction","target":["https:\/\/cortinados.com.ar\/index.php\/contact-us\/"]}]},{"@type":"BreadcrumbList","@id":"https:\/\/cortinados.com.ar\/index.php\/contact-us\/#breadcrumb","itemListElement":[{"@type":"ListItem","position":1,"name":"Portada","item":"https:\/\/cortinados.com.ar\/"},{"@type":"ListItem","position":2,"name":"Contacto"}]},{"@type":"WebSite","@id":"https:\/\/cortinados.com.ar\/#website","url":"https:\/\/cortinados.com.ar\/","name":"Cortinados.Com","description":"+30 a\u00f1os de experiencia","publisher":{"@id":"https:\/\/cortinados.com.ar\/#organization"},"potentialAction":[{"@type":"SearchAction","target":{"@type":"EntryPoint","urlTemplate":"https:\/\/cortinados.com.ar\/?s={search_term_string}"},"query-input":{"@type":"PropertyValueSpecification","valueRequired":true,"valueName":"search_term_string"}}],"inLanguage":"es"},{"@type":"Organization","@id":"https:\/\/cortinados.com.ar\/#organization","name":"Cortinados.Com","url":"https:\/\/cortinados.com.ar\/","logo":{"@type":"ImageObject","inLanguage":"es","@id":"https:\/\/cortinados.com.ar\/#\/schema\/logo\/image\/","url":"https:\/\/cortinados.com.ar\/wp-content\/uploads\/2024\/01\/cropped-faviconredondo.png","contentUrl":"https:\/\/cortinados.com.ar\/wp-content\/uploads\/2024\/01\/cropped-faviconredondo.png","width":512,"height":512,"caption":"Cortinados.Com"},"image":{"@id":"https:\/\/cortinados.com.ar\/#\/schema\/logo\/image\/"},"sameAs":["https:\/\/www.facebook.com\/cortinadoscomonce","https:\/\/www.instagram.com\/cortinados.comonce"]}]}},"_links":{"self":[{"href":"https:\/\/cortinados.com.ar\/index.php\/wp-json\/wp\/v2\/pages\/1613","targetHints":{"allow":["GET"]}}],"collection":[{"href":"https:\/\/cortinados.com.ar\/index.php\/wp-json\/wp\/v2\/pages"}],"about":[{"href":"https:\/\/cortinados.com.ar\/index.php\/wp-json\/wp\/v2\/types\/page"}],"author":[{"embeddable":true,"href":"https:\/\/cortinados.com.ar\/index.php\/wp-json\/wp\/v2\/users\/1"}],"replies":[{"embeddable":true,"href":"https:\/\/cortinados.com.ar\/index.php\/wp-json\/wp\/v2\/comments?post=1613"}],"version-history":[{"count":1,"href":"https:\/\/cortinados.com.ar\/index.php\/wp-json\/wp\/v2\/pages\/1613\/revisions"}],"predecessor-version":[{"id":10033,"href":"https:\/\/cortinados.com.ar\/index.php\/wp-json\/wp\/v2\/pages\/1613\/revisions\/10033"}],"wp:attachment":[{"href":"https:\/\/cortinados.com.ar\/index.php\/wp-json\/wp\/v2\/media?parent=1613"}],"curies":[{"name":"wp","href":"https:\/\/api.w.org\/{rel}","templated":true}]}}